{"id":15674,"date":"2017-05-04T08:28:13","date_gmt":"2017-05-04T08:28:13","guid":{"rendered":"https:\/\/mas-valentine.com\/galerie-photos"},"modified":"2023-10-14T16:13:38","modified_gmt":"2023-10-14T16:13:38","slug":"photos-gallery","status":"publish","type":"page","link":"https:\/\/mas-valentine.com\/en\/photos-gallery","title":{"rendered":"Photos Gallery"},"content":{"rendered":"<p>[vc_row css=&#8221;.vc_custom_1494582059840{padding-top: 108px !important;}&#8221;][vc_column]<div class=\"mkdf-section-title-holder  mkdf-st-standard  mkdf-st-title-left mkdf-st-normal-space \" >\r\n\t<div class=\"mkdf-st-inner\">\r\n\t\t\t\t\t\t\t<h2 class=\"mkdf-st-title\" >\r\n\t\t\t\tHotel\t\t\t\t\t\t\t<\/h2>\r\n\t\t\t\t\t\t\t<\/div>\r\n<\/div>[vc_gallery type=&#8221;image_grid&#8221; images=&#8221;14126,14030,14785,14764,14020,14758,14761,14779,14707,14528,14519,14513,14568,14773,14782,14770,14767,14749,14752,15315,15300,15312,14746,14743,14740,14737,14734,14731,14728,14725,14716,14713,14710,15306,15309,15561,15564,15567,15570,15573,15576,15579,15558&#8243; img_size=&#8221;fivestar_mikado_image_square&#8221; el_class=&#8221;photo-galery&#8221;][\/vc_column][\/vc_row][vc_row css=&#8221;.vc_custom_1494582059840{padding-top: 108px !important;}&#8221;][vc_column]<div class=\"mkdf-section-title-holder  mkdf-st-standard  mkdf-st-title-left mkdf-st-normal-space \" >\r\n\t<div class=\"mkdf-st-inner\">\r\n\t\t\t\t\t\t\t<h2 class=\"mkdf-st-title\" >\r\n\t\t\t\tRooms &amp; Suites\t\t\t\t\t\t\t<\/h2>\r\n\t\t\t\t\t\t\t<\/div>\r\n<\/div>[vc_gallery type=&#8221;image_grid&#8221; images=&#8221;15276,15270,15267,15264,15261,15258,15192,15189,15186,15183,15180,15177,15174,15171,15132,15135,15129,15126,15123,15090,14853,14426,14444,14539,14522,14435&#8243; img_size=&#8221;fivestar_mikado_image_square&#8221; el_class=&#8221;photo-galery&#8221;][\/vc_column][\/vc_row][vc_row css=&#8221;.vc_custom_1494582059840{padding-top: 108px !important;}&#8221;][vc_column]<div class=\"mkdf-section-title-holder  mkdf-st-standard  mkdf-st-title-left mkdf-st-normal-space \" >\r\n\t<div class=\"mkdf-st-inner\">\r\n\t\t\t\t\t\t\t<h2 class=\"mkdf-st-title\" >\r\n\t\t\t\tServices\t\t\t\t\t\t\t<\/h2>\r\n\t\t\t\t\t\t\t<\/div>\r\n<\/div>[vc_gallery type=&#8221;image_grid&#8221; images=&#8221;14362,14144,14138,14008,14489,14480,14542,14539,14536,14531,14516,14749,14752,14761,14758,14707,14740,14806,14809,14812,14815,14818,14821,14824,14827,14830,14833,14836,15315,15312,15306,15300,14945,14802,15353,15345,15573,15570,15567,15564,15561,15558&#8243; img_size=&#8221;fivestar_mikado_image_square&#8221; el_class=&#8221;photo-galery&#8221;][\/vc_column][\/vc_row][vc_row css=&#8221;.vc_custom_1494582059840{padding-top: 108px !important;}&#8221;][vc_column]<div class=\"mkdf-section-title-holder  mkdf-st-standard  mkdf-st-title-left mkdf-st-normal-space \" >\r\n\t<div class=\"mkdf-st-inner\">\r\n\t\t\t\t\t\t\t<h2 class=\"mkdf-st-title\" >\r\n\t\t\t\tRegion\t\t\t\t\t\t\t<\/h2>\r\n\t\t\t\t\t\t\t<\/div>\r\n<\/div>[vc_gallery type=&#8221;image_grid&#8221; images=&#8221;14176,14174,14164,13960,14486,14483,14480,14474,14471,14468,14504,14477,14501&#8243; img_size=&#8221;fivestar_mikado_image_square&#8221; el_class=&#8221;photo-galery&#8221;][\/vc_column][\/vc_row][vc_row][vc_column][vc_empty_space height=&#8221;100px&#8221;][\/vc_column][\/vc_row]<\/p>\n","protected":false},"excerpt":{"rendered":"<p>[vc_row css=&#8221;.vc_custom_1494582059840{padding-top: 108px !important;}&#8221;][vc_column][vc_gallery type=&#8221;image_grid&#8221; images=&#8221;14126,14030,14785,14764,14020,14758,14761,14779,14707,14528,14519,14513,14568,14773,14782,14770,14767,14749,14752,15315,15300,15312,14746,14743,14740,14737,14734,14731,14728,14725,14716,14713,14710,15306,15309,15561,15564,15567,15570,15573,15576,15579,15558&#8243; img_size=&#8221;fivestar_mikado_image_square&#8221; el_class=&#8221;photo-galery&#8221;][\/vc_column][\/vc_row][vc_row css=&#8221;.vc_custom_1494582059840{padding-top: 108px !important;}&#8221;][vc_column][vc_gallery type=&#8221;image_grid&#8221; images=&#8221;15276,15270,15267,15264,15261,15258,15192,15189,15186,15183,15180,15177,15174,15171,15132,15135,15129,15126,15123,15090,14853,14426,14444,14539,14522,14435&#8243; img_size=&#8221;fivestar_mikado_image_square&#8221; el_class=&#8221;photo-galery&#8221;][\/vc_column][\/vc_row][vc_row css=&#8221;.vc_custom_1494582059840{padding-top: 108px !important;}&#8221;][vc_column][vc_gallery type=&#8221;image_grid&#8221; images=&#8221;14362,14144,14138,14008,14489,14480,14542,14539,14536,14531,14516,14749,14752,14761,14758,14707,14740,14806,14809,14812,14815,14818,14821,14824,14827,14830,14833,14836,15315,15312,15306,15300,14945,14802,15353,15345,15573,15570,15567,15564,15561,15558&#8243; img_size=&#8221;fivestar_mikado_image_square&#8221; el_class=&#8221;photo-galery&#8221;][\/vc_column][\/vc_row][vc_row css=&#8221;.vc_custom_1494582059840{padding-top: 108px !important;}&#8221;][vc_column][vc_gallery type=&#8221;image_grid&#8221; images=&#8221;14176,14174,14164,13960,14486,14483,14480,14474,14471,14468,14504,14477,14501&#8243; img_size=&#8221;fivestar_mikado_image_square&#8221; el_class=&#8221;photo-galery&#8221;][\/vc_column][\/vc_row][vc_row][vc_column][vc_empty_space height=&#8221;100px&#8221;][\/vc_column][\/vc_row]<\/p>\n","protected":false},"author":1,"featured_media":0,"parent":0,"menu_order":0,"comment_status":"closed","ping_status":"closed","template":"","meta":{"_acf_changed":false,"footnotes":""},"class_list":["post-15674","page","type-page","status-publish","hentry"],"acf":[],"yoast_head":"<!-- This site is optimized with the Yoast SEO plugin v27.5 - https:\/\/yoast.com\/product\/yoast-seo-wordpress\/ -->\n<title>Photos Gallery - Mas Valentine<\/title>\n<meta name=\"robots\" content=\"index, follow, max-snippet:-1, max-image-preview:large, max-video-preview:-1\" \/>\n<link rel=\"canonical\" href=\"https:\/\/mas-valentine.com\/galerie-photos\" \/>\n<meta property=\"og:locale\" content=\"en_US\" \/>\n<meta property=\"og:type\" content=\"article\" \/>\n<meta property=\"og:title\" content=\"Photos Gallery - Mas Valentine\" \/>\n<meta property=\"og:description\" content=\"[vc_row css=&#8221;.vc_custom_1494582059840{padding-top: 108px !important;}&#8221;][vc_column][vc_gallery type=&#8221;image_grid&#8221; images=&#8221;14126,14030,14785,14764,14020,14758,14761,14779,14707,14528,14519,14513,14568,14773,14782,14770,14767,14749,14752,15315,15300,15312,14746,14743,14740,14737,14734,14731,14728,14725,14716,14713,14710,15306,15309,15561,15564,15567,15570,15573,15576,15579,15558&#8243; img_size=&#8221;fivestar_mikado_image_square&#8221; el_class=&#8221;photo-galery&#8221;][\/vc_column][\/vc_row][vc_row css=&#8221;.vc_custom_1494582059840{padding-top: 108px !important;}&#8221;][vc_column][vc_gallery type=&#8221;image_grid&#8221; images=&#8221;15276,15270,15267,15264,15261,15258,15192,15189,15186,15183,15180,15177,15174,15171,15132,15135,15129,15126,15123,15090,14853,14426,14444,14539,14522,14435&#8243; img_size=&#8221;fivestar_mikado_image_square&#8221; el_class=&#8221;photo-galery&#8221;][\/vc_column][\/vc_row][vc_row css=&#8221;.vc_custom_1494582059840{padding-top: 108px !important;}&#8221;][vc_column][vc_gallery type=&#8221;image_grid&#8221; images=&#8221;14362,14144,14138,14008,14489,14480,14542,14539,14536,14531,14516,14749,14752,14761,14758,14707,14740,14806,14809,14812,14815,14818,14821,14824,14827,14830,14833,14836,15315,15312,15306,15300,14945,14802,15353,15345,15573,15570,15567,15564,15561,15558&#8243; img_size=&#8221;fivestar_mikado_image_square&#8221; el_class=&#8221;photo-galery&#8221;][\/vc_column][\/vc_row][vc_row css=&#8221;.vc_custom_1494582059840{padding-top: 108px !important;}&#8221;][vc_column][vc_gallery type=&#8221;image_grid&#8221; images=&#8221;14176,14174,14164,13960,14486,14483,14480,14474,14471,14468,14504,14477,14501&#8243; img_size=&#8221;fivestar_mikado_image_square&#8221; el_class=&#8221;photo-galery&#8221;][\/vc_column][\/vc_row][vc_row][vc_column][vc_empty_space height=&#8221;100px&#8221;][\/vc_column][\/vc_row]\" \/>\n<meta property=\"og:url\" content=\"https:\/\/mas-valentine.com\/galerie-photos\" \/>\n<meta property=\"og:site_name\" content=\"Mas Valentine\" \/>\n<meta property=\"article:modified_time\" content=\"2023-10-14T16:13:38+00:00\" \/>\n<meta property=\"og:image\" content=\"https:\/\/mas-valentine.com\/wp-content\/uploads\/2025\/09\/favicon_mas_valentine.png\" \/>\n\t<meta property=\"og:image:width\" content=\"27\" \/>\n\t<meta property=\"og:image:height\" content=\"27\" \/>\n\t<meta property=\"og:image:type\" content=\"image\/png\" \/>\n<meta name=\"twitter:card\" content=\"summary_large_image\" \/>\n<meta name=\"twitter:label1\" content=\"Est. reading time\" \/>\n\t<meta name=\"twitter:data1\" content=\"1 minute\" \/>\n<script type=\"application\/ld+json\" class=\"yoast-schema-graph\">{\"@context\":\"https:\\\/\\\/schema.org\",\"@graph\":[{\"@type\":\"WebPage\",\"@id\":\"https:\\\/\\\/mas-valentine.com\\\/galerie-photos\",\"url\":\"https:\\\/\\\/mas-valentine.com\\\/galerie-photos\",\"name\":\"Photos Gallery - Mas Valentine\",\"isPartOf\":{\"@id\":\"https:\\\/\\\/mas-valentine.com\\\/#website\"},\"datePublished\":\"2017-05-04T08:28:13+00:00\",\"dateModified\":\"2023-10-14T16:13:38+00:00\",\"breadcrumb\":{\"@id\":\"https:\\\/\\\/mas-valentine.com\\\/galerie-photos#breadcrumb\"},\"inLanguage\":\"en-US\",\"potentialAction\":[{\"@type\":\"ReadAction\",\"target\":[\"https:\\\/\\\/mas-valentine.com\\\/galerie-photos\"]}]},{\"@type\":\"BreadcrumbList\",\"@id\":\"https:\\\/\\\/mas-valentine.com\\\/galerie-photos#breadcrumb\",\"itemListElement\":[{\"@type\":\"ListItem\",\"position\":1,\"name\":\"Home\",\"item\":\"https:\\\/\\\/mas-valentine.com\\\/en\"},{\"@type\":\"ListItem\",\"position\":2,\"name\":\"Photos Gallery\"}]},{\"@type\":\"WebSite\",\"@id\":\"https:\\\/\\\/mas-valentine.com\\\/#website\",\"url\":\"https:\\\/\\\/mas-valentine.com\\\/\",\"name\":\"Mas Valentine\",\"description\":\"H\u00f4tel 4 \u00e9toiles \u00e0 Saint-R\u00e9my de Provence\",\"potentialAction\":[{\"@type\":\"SearchAction\",\"target\":{\"@type\":\"EntryPoint\",\"urlTemplate\":\"https:\\\/\\\/mas-valentine.com\\\/?s={search_term_string}\"},\"query-input\":{\"@type\":\"PropertyValueSpecification\",\"valueRequired\":true,\"valueName\":\"search_term_string\"}}],\"inLanguage\":\"en-US\"}]}<\/script>\n<!-- \/ Yoast SEO plugin. -->","yoast_head_json":{"title":"Photos Gallery - Mas Valentine","robots":{"index":"index","follow":"follow","max-snippet":"max-snippet:-1","max-image-preview":"max-image-preview:large","max-video-preview":"max-video-preview:-1"},"canonical":"https:\/\/mas-valentine.com\/galerie-photos","og_locale":"en_US","og_type":"article","og_title":"Photos Gallery - Mas Valentine","og_description":"[vc_row css=&#8221;.vc_custom_1494582059840{padding-top: 108px !important;}&#8221;][vc_column][vc_gallery type=&#8221;image_grid&#8221; images=&#8221;14126,14030,14785,14764,14020,14758,14761,14779,14707,14528,14519,14513,14568,14773,14782,14770,14767,14749,14752,15315,15300,15312,14746,14743,14740,14737,14734,14731,14728,14725,14716,14713,14710,15306,15309,15561,15564,15567,15570,15573,15576,15579,15558&#8243; img_size=&#8221;fivestar_mikado_image_square&#8221; el_class=&#8221;photo-galery&#8221;][\/vc_column][\/vc_row][vc_row css=&#8221;.vc_custom_1494582059840{padding-top: 108px !important;}&#8221;][vc_column][vc_gallery type=&#8221;image_grid&#8221; images=&#8221;15276,15270,15267,15264,15261,15258,15192,15189,15186,15183,15180,15177,15174,15171,15132,15135,15129,15126,15123,15090,14853,14426,14444,14539,14522,14435&#8243; img_size=&#8221;fivestar_mikado_image_square&#8221; el_class=&#8221;photo-galery&#8221;][\/vc_column][\/vc_row][vc_row css=&#8221;.vc_custom_1494582059840{padding-top: 108px !important;}&#8221;][vc_column][vc_gallery type=&#8221;image_grid&#8221; images=&#8221;14362,14144,14138,14008,14489,14480,14542,14539,14536,14531,14516,14749,14752,14761,14758,14707,14740,14806,14809,14812,14815,14818,14821,14824,14827,14830,14833,14836,15315,15312,15306,15300,14945,14802,15353,15345,15573,15570,15567,15564,15561,15558&#8243; img_size=&#8221;fivestar_mikado_image_square&#8221; el_class=&#8221;photo-galery&#8221;][\/vc_column][\/vc_row][vc_row css=&#8221;.vc_custom_1494582059840{padding-top: 108px !important;}&#8221;][vc_column][vc_gallery type=&#8221;image_grid&#8221; images=&#8221;14176,14174,14164,13960,14486,14483,14480,14474,14471,14468,14504,14477,14501&#8243; img_size=&#8221;fivestar_mikado_image_square&#8221; el_class=&#8221;photo-galery&#8221;][\/vc_column][\/vc_row][vc_row][vc_column][vc_empty_space height=&#8221;100px&#8221;][\/vc_column][\/vc_row]","og_url":"https:\/\/mas-valentine.com\/galerie-photos","og_site_name":"Mas Valentine","article_modified_time":"2023-10-14T16:13:38+00:00","og_image":[{"width":27,"height":27,"url":"https:\/\/mas-valentine.com\/wp-content\/uploads\/2025\/09\/favicon_mas_valentine.png","type":"image\/png"}],"twitter_card":"summary_large_image","twitter_misc":{"Est. reading time":"1 minute"},"schema":{"@context":"https:\/\/schema.org","@graph":[{"@type":"WebPage","@id":"https:\/\/mas-valentine.com\/galerie-photos","url":"https:\/\/mas-valentine.com\/galerie-photos","name":"Photos Gallery - Mas Valentine","isPartOf":{"@id":"https:\/\/mas-valentine.com\/#website"},"datePublished":"2017-05-04T08:28:13+00:00","dateModified":"2023-10-14T16:13:38+00:00","breadcrumb":{"@id":"https:\/\/mas-valentine.com\/galerie-photos#breadcrumb"},"inLanguage":"en-US","potentialAction":[{"@type":"ReadAction","target":["https:\/\/mas-valentine.com\/galerie-photos"]}]},{"@type":"BreadcrumbList","@id":"https:\/\/mas-valentine.com\/galerie-photos#breadcrumb","itemListElement":[{"@type":"ListItem","position":1,"name":"Home","item":"https:\/\/mas-valentine.com\/en"},{"@type":"ListItem","position":2,"name":"Photos Gallery"}]},{"@type":"WebSite","@id":"https:\/\/mas-valentine.com\/#website","url":"https:\/\/mas-valentine.com\/","name":"Mas Valentine","description":"H\u00f4tel 4 \u00e9toiles \u00e0 Saint-R\u00e9my de Provence","potentialAction":[{"@type":"SearchAction","target":{"@type":"EntryPoint","urlTemplate":"https:\/\/mas-valentine.com\/?s={search_term_string}"},"query-input":{"@type":"PropertyValueSpecification","valueRequired":true,"valueName":"search_term_string"}}],"inLanguage":"en-US"}]}},"_links":{"self":[{"href":"https:\/\/mas-valentine.com\/en\/wp-json\/wp\/v2\/pages\/15674","targetHints":{"allow":["GET"]}}],"collection":[{"href":"https:\/\/mas-valentine.com\/en\/wp-json\/wp\/v2\/pages"}],"about":[{"href":"https:\/\/mas-valentine.com\/en\/wp-json\/wp\/v2\/types\/page"}],"author":[{"embeddable":true,"href":"https:\/\/mas-valentine.com\/en\/wp-json\/wp\/v2\/users\/1"}],"replies":[{"embeddable":true,"href":"https:\/\/mas-valentine.com\/en\/wp-json\/wp\/v2\/comments?post=15674"}],"version-history":[{"count":0,"href":"https:\/\/mas-valentine.com\/en\/wp-json\/wp\/v2\/pages\/15674\/revisions"}],"wp:attachment":[{"href":"https:\/\/mas-valentine.com\/en\/wp-json\/wp\/v2\/media?parent=15674"}],"curies":[{"name":"wp","href":"https:\/\/api.w.org\/{rel}","templated":true}]}}