{"id":15662,"date":"2019-11-21T18:19:22","date_gmt":"2019-11-21T18:19:22","guid":{"rendered":"https:\/\/mas-valentine.com\/services"},"modified":"2024-03-19T15:43:46","modified_gmt":"2024-03-19T15:43:46","slug":"4-star-services","status":"publish","type":"page","link":"https:\/\/mas-valentine.com\/en\/4-star-services","title":{"rendered":"4 Star Services"},"content":{"rendered":"<p>[vc_row][vc_column css=&#8221;.vc_custom_1575310538447{margin-top: 90px !important;margin-bottom: 90px !important;}&#8221;][vc_column_text el_class=&#8221;services-edito&#8221;]<\/p>\n<p style=\"text-align: center;\">Ideal starting point for exploring Provence and discovering the typically Proven\u00e7al villages of Gordes, les Baux de Provence, Eygali\u00e8res, Maussane les Alpilles&#8230;<\/p>\n<p style=\"text-align: center;\">To relax and fully enjoy your stay in the Alpilles, Mas Valentine offers an outdoor salt water swimming pool (from April to October) as well as free access to the sauna and jacuzzi.<\/p>\n<p>[\/vc_column_text][\/vc_column][\/vc_row][vc_row equal_height=&#8221;yes&#8221; css=&#8221;.vc_custom_1493379978370{background-color: #fbf9f9 !important;}&#8221;][vc_column css=&#8221;.vc_custom_1575394330893{padding-top: 28% !important;padding-bottom: 28% !important;background-image: url(https:\/\/mas-valentine.com\/wp-content\/uploads\/2019\/12\/petit-dejeuner-mas-valentine.jpg?id=14361) !important;background-position: center !important;background-repeat: no-repeat !important;background-size: cover !important;}&#8221; offset=&#8221;vc_col-lg-offset-0 vc_col-lg-6 vc_col-md-12 vc_col-sm-offset-0&#8243;][\/vc_column][vc_column offset=&#8221;vc_col-lg-offset-0 vc_col-lg-6 vc_col-md-12 vc_col-sm-offset-0&#8243;]<div class=\"mkdf-elements-holder   mkdf-one-column  mkdf-responsive-mode-768 \" ><div class=\"mkdf-eh-item    \"  data-item-class=\"mkdf-eh-custom-6567\" data-1024-1280=\"13% 13% 20% 13%\" data-768-1024=\"5% 15% 0% 12%\" data-680-768=\"5% 16% 0% 9%\" data-680=\"5% 5% 0% 6%\">\r\n\t<div class=\"mkdf-eh-item-inner\">\r\n\t\t<div class=\"mkdf-eh-item-content mkdf-eh-custom-6567\" style=\"padding: 15% 17% 19% 18%\">\r\n\t\t\t<div class=\"mkdf-section-title-holder  mkdf-st-elegant  mkdf-st-title-left mkdf-st-normal-space \" >\r\n\t<div class=\"mkdf-st-inner\">\r\n\t\t\t\t\t\t\t<h2 class=\"mkdf-st-title\" >\r\n\t\t\t\tBreakfast\t\t\t\t\t\t\t<\/h2>\r\n\t\t\t\t\t\t\t\t\t<span class=\"mkdf-st-text\" style=\"line-height:30px;margin-top:15px\">\r\n\t\t\t\tOur \u201cGrand Continental\u201d breakfast served as a buffet has a wide choice of pastries and baguettes from the bakery, fruit salad, pastries, cereals, cheeses, dairy products, cold meats, etc.<br \/>\nOn request (and at no extra charge): Choice of omelettes, scrambled eggs, fried eggs, etc.\t\t\t<\/span>\r\n\t\t\t<\/div>\r\n<\/div>\t\t<\/div>\r\n\t<\/div>\r\n<\/div><\/div>[\/vc_column][\/vc_row][vc_row equal_height=&#8221;yes&#8221; css=&#8221;.vc_custom_1493278703024{background-color: #fbf9f9 !important;}&#8221;][vc_column css=&#8221;.vc_custom_1493798353425{background-position: center !important;background-repeat: no-repeat !important;background-size: cover !important;}&#8221; offset=&#8221;vc_col-lg-offset-0 vc_col-lg-6 vc_col-md-12 vc_col-sm-offset-0&#8243;]<div class=\"mkdf-elements-holder   mkdf-one-column  mkdf-responsive-mode-768 \" ><div class=\"mkdf-eh-item    \"  data-item-class=\"mkdf-eh-custom-2197\" data-1024-1280=\"13% 13% 20% 13%\" data-768-1024=\"4% 15% 8% 12%\" data-680-768=\"3% 16% 9% 9%\" data-680=\"0% 5% 17% 6%\">\r\n\t<div class=\"mkdf-eh-item-inner\">\r\n\t\t<div class=\"mkdf-eh-item-content mkdf-eh-custom-2197\" style=\"padding: 16.1% 17% 20.1% 18%\">\r\n\t\t\t<div class=\"mkdf-section-title-holder  mkdf-st-elegant  mkdf-st-title-left mkdf-st-normal-space \" >\r\n\t<div class=\"mkdf-st-inner\">\r\n\t\t\t\t\t\t\t<h2 class=\"mkdf-st-title\" >\r\n\t\t\t\tOutdoor pool\t\t\t\t\t\t\t<\/h2>\r\n\t\t\t\t\t\t\t\t\t<span class=\"mkdf-st-text\" style=\"line-height:30px;margin-top:15px\">\r\n\t\t\t\tLarge swimming pool (18m x 10m) with salt water, open from April to October.\t\t\t<\/span>\r\n\t\t\t<\/div>\r\n<\/div>\t\t<\/div>\r\n\t<\/div>\r\n<\/div><\/div>[\/vc_column][vc_column offset=&#8221;vc_col-lg-offset-0 vc_col-lg-6 vc_col-md-12 vc_col-sm-offset-0&#8243; css=&#8221;.vc_custom_1591625757556{padding-top: 28% !important;padding-bottom: 28% !important;background-image: url(https:\/\/mas-valentine.com\/wp-content\/uploads\/2020\/06\/\u00a9VirginieOvessianPhotographe_111_DSC7283-scaled.jpg?id=14801) !important;background-position: center !important;background-repeat: no-repeat !important;background-size: cover !important;}&#8221;][\/vc_column][\/vc_row][vc_row equal_height=&#8221;yes&#8221; css=&#8221;.vc_custom_1493379978370{background-color: #fbf9f9 !important;}&#8221;][vc_column css=&#8221;.vc_custom_1617806479115{padding-top: 28% !important;padding-bottom: 28% !important;background-image: url(https:\/\/mas-valentine.com\/wp-content\/uploads\/2021\/04\/FotoJet.jpg?id=15344) !important;background-position: center !important;background-repeat: no-repeat !important;background-size: cover !important;}&#8221; offset=&#8221;vc_col-lg-offset-0 vc_col-lg-6 vc_col-md-12 vc_col-sm-offset-0&#8243;][\/vc_column][vc_column offset=&#8221;vc_col-lg-offset-0 vc_col-lg-6 vc_col-md-12 vc_col-sm-offset-0&#8243;]<div class=\"mkdf-elements-holder   mkdf-one-column  mkdf-responsive-mode-768 \" ><div class=\"mkdf-eh-item    \"  data-item-class=\"mkdf-eh-custom-4223\" data-1024-1280=\"13% 13% 20% 13%\" data-768-1024=\"5% 15% 0% 12%\" data-680-768=\"5% 16% 0% 9%\" data-680=\"5% 5% 0% 6%\">\r\n\t<div class=\"mkdf-eh-item-inner\">\r\n\t\t<div class=\"mkdf-eh-item-content mkdf-eh-custom-4223\" style=\"padding: 15% 17% 19% 18%\">\r\n\t\t\t<div class=\"mkdf-section-title-holder  mkdf-st-elegant  mkdf-st-title-left mkdf-st-normal-space \" >\r\n\t<div class=\"mkdf-st-inner\">\r\n\t\t\t\t\t\t\t<h2 class=\"mkdf-st-title\" >\r\n\t\t\t\tJacuzzi, Sauna and Massages\t\t\t\t\t\t\t<\/h2>\r\n\t\t\t\t\t\t\t\t\t<span class=\"mkdf-st-text\" style=\"line-height:30px;margin-top:15px\">\r\n\t\t\t\tBenefit from our traditional sauna, our outdoor jacuzzi and our hydromassage shower, located at the foot of the Mas.<br \/>\nYou can privatize this space for 1, 2, 3 or 4 people on simple request at reception upon your arrival.(service without extra charge).<br \/>\nAlso take advantage of our solo or duo massages: By reservation only (before your stay), our reception service will tell you the prices and availability.\t\t\t<\/span>\r\n\t\t\t<\/div>\r\n<\/div>\t\t<\/div>\r\n\t<\/div>\r\n<\/div><\/div>[\/vc_column][\/vc_row][vc_row equal_height=&#8221;yes&#8221; css=&#8221;.vc_custom_1493278703024{background-color: #fbf9f9 !important;}&#8221;][vc_column css=&#8221;.vc_custom_1493798353425{background-position: center !important;background-repeat: no-repeat !important;background-size: cover !important;}&#8221; offset=&#8221;vc_col-lg-offset-0 vc_col-lg-6 vc_col-md-12 vc_col-sm-offset-0&#8243;]<div class=\"mkdf-elements-holder   mkdf-one-column  mkdf-responsive-mode-768 \" ><div class=\"mkdf-eh-item    \"  data-item-class=\"mkdf-eh-custom-8140\" data-1024-1280=\"13% 13% 20% 13%\" data-768-1024=\"4% 15% 8% 12%\" data-680-768=\"3% 16% 9% 9%\" data-680=\"0% 5% 17% 6%\">\r\n\t<div class=\"mkdf-eh-item-inner\">\r\n\t\t<div class=\"mkdf-eh-item-content mkdf-eh-custom-8140\" style=\"padding: 16.1% 17% 20.1% 18%\">\r\n\t\t\t<div class=\"mkdf-section-title-holder  mkdf-st-elegant  mkdf-st-title-left mkdf-st-normal-space \" >\r\n\t<div class=\"mkdf-st-inner\">\r\n\t\t\t\t\t\t\t<h2 class=\"mkdf-st-title\" >\r\n\t\t\t\tBoutique\t\t\t\t\t\t\t<\/h2>\r\n\t\t\t\t\t\t\t\t\t<span class=\"mkdf-st-text\" style=\"line-height:30px;margin-top:15px\">\r\n\t\t\t\tA regional products boutique offers you a choice of wines, olive oils, honey, jams, ... to help you discover local producers.\t\t\t<\/span>\r\n\t\t\t<\/div>\r\n<\/div>\t\t<\/div>\r\n\t<\/div>\r\n<\/div><\/div>[\/vc_column][vc_column offset=&#8221;vc_col-lg-offset-0 vc_col-lg-6 vc_col-md-12 vc_col-sm-offset-0&#8243; css=&#8221;.vc_custom_1578907799367{padding-top: 28% !important;padding-bottom: 28% !important;background-image: url(https:\/\/mas-valentine.com\/wp-content\/uploads\/2020\/01\/CMOIRENC_MOB9734-scaled.jpg?id=14530) !important;background-position: center !important;background-repeat: no-repeat !important;background-size: cover !important;}&#8221;][\/vc_column][\/vc_row][vc_row equal_height=&#8221;yes&#8221; css=&#8221;.vc_custom_1493379978370{background-color: #fbf9f9 !important;}&#8221;][vc_column css=&#8221;.vc_custom_1578676835443{padding-top: 28% !important;padding-bottom: 28% !important;background-image: url(https:\/\/mas-valentine.com\/wp-content\/uploads\/2020\/01\/snack-1561607-scaled.jpg?id=14488) !important;background-position: center !important;background-repeat: no-repeat !important;background-size: cover !important;}&#8221; offset=&#8221;vc_col-lg-offset-0 vc_col-lg-6 vc_col-md-12 vc_col-sm-offset-0&#8243;][\/vc_column][vc_column offset=&#8221;vc_col-lg-offset-0 vc_col-lg-6 vc_col-md-12 vc_col-sm-offset-0&#8243;]<div class=\"mkdf-elements-holder   mkdf-one-column  mkdf-responsive-mode-768 \" ><div class=\"mkdf-eh-item    \"  data-item-class=\"mkdf-eh-custom-9562\" data-1024-1280=\"13% 13% 20% 13%\" data-768-1024=\"5% 15% 0% 12%\" data-680-768=\"5% 16% 0% 9%\" data-680=\"5% 5% 0% 6%\">\r\n\t<div class=\"mkdf-eh-item-inner\">\r\n\t\t<div class=\"mkdf-eh-item-content mkdf-eh-custom-9562\" style=\"padding: 15% 17% 19% 18%\">\r\n\t\t\t<div class=\"mkdf-section-title-holder  mkdf-st-elegant  mkdf-st-title-left mkdf-st-normal-space \" >\r\n\t<div class=\"mkdf-st-inner\">\r\n\t\t\t\t\t\t\t<h2 class=\"mkdf-st-title\" >\r\n\t\t\t\tLittle Hollows\t\t\t\t\t\t\t<\/h2>\r\n\t\t\t\t\t\t\t\t\t<span class=\"mkdf-st-text\" style=\"line-height:30px;margin-top:15px\">\r\n\t\t\t\tFor lunch, an aperitif or dinner, we offer you a \u201c100% local\u201d board.<br \/>\nTomatoes, cheeses, cold meats, season fruits, etc.<br \/>\nAccompanied by a glass of wine, this board will allow you to discover local Proven\u00e7al products.\t\t\t<\/span>\r\n\t\t\t<\/div>\r\n<\/div>[vc_btn title=&#8221;Our menu&#8221; style=&#8221;custom&#8221; custom_background=&#8221;#a87f85&#8243; custom_text=&#8221;#000000&#8243; shape=&#8221;round&#8221; size=&#8221;lg&#8221; align=&#8221;center&#8221; i_icon_fontawesome=&#8221;fas fa-cocktail&#8221; add_icon=&#8221;true&#8221; link=&#8221;url:https%3A%2F%2Fmas-valentine.com%2Fwp-content%2Fuploads%2F2024%2F03%2FCarte-bar-carte-vin.pdf|title:Our%20bar%2Fwine%20menu|target:_blank&#8221;]\t\t<\/div>\r\n\t<\/div>\r\n<\/div><\/div>[\/vc_column][\/vc_row][vc_row][vc_column][\/vc_column][\/vc_row]<\/p>\n","protected":false},"excerpt":{"rendered":"<p>[vc_row][vc_column css=&#8221;.vc_custom_1575310538447{margin-top: 90px !important;margin-bottom: 90px !important;}&#8221;][vc_column_text el_class=&#8221;services-edito&#8221;] Ideal starting point for exploring Provence and discovering the typically Proven\u00e7al villages of Gordes, les Baux de Provence, Eygali\u00e8res, Maussane les Alpilles&#8230; To relax and fully enjoy your stay in the Alpilles, Mas [&hellip;]<\/p>\n","protected":false},"author":1,"featured_media":0,"parent":0,"menu_order":0,"comment_status":"closed","ping_status":"closed","template":"full-width.php","meta":{"_acf_changed":false,"footnotes":""},"class_list":["post-15662","page","type-page","status-publish","hentry"],"acf":[],"yoast_head":"<!-- This site is optimized with the Yoast SEO plugin v27.5 - https:\/\/yoast.com\/product\/yoast-seo-wordpress\/ -->\n<title>4 Star Services - Mas Valentine<\/title>\n<meta name=\"robots\" content=\"index, follow, max-snippet:-1, max-image-preview:large, max-video-preview:-1\" \/>\n<link rel=\"canonical\" href=\"https:\/\/mas-valentine.com\/services\" \/>\n<meta property=\"og:locale\" content=\"en_US\" \/>\n<meta property=\"og:type\" content=\"article\" \/>\n<meta property=\"og:title\" content=\"4 Star Services - Mas Valentine\" \/>\n<meta property=\"og:description\" content=\"[vc_row][vc_column css=&#8221;.vc_custom_1575310538447{margin-top: 90px !important;margin-bottom: 90px !important;}&#8221;][vc_column_text el_class=&#8221;services-edito&#8221;] Ideal starting point for exploring Provence and discovering the typically Proven\u00e7al villages of Gordes, les Baux de Provence, Eygali\u00e8res, Maussane les Alpilles&#8230; To relax and fully enjoy your stay in the Alpilles, Mas [&hellip;]\" \/>\n<meta property=\"og:url\" content=\"https:\/\/mas-valentine.com\/services\" \/>\n<meta property=\"og:site_name\" content=\"Mas Valentine\" \/>\n<meta property=\"article:modified_time\" content=\"2024-03-19T15:43:46+00:00\" \/>\n<meta property=\"og:image\" content=\"https:\/\/mas-valentine.com\/wp-content\/uploads\/2025\/09\/favicon_mas_valentine.png\" \/>\n\t<meta property=\"og:image:width\" content=\"27\" \/>\n\t<meta property=\"og:image:height\" content=\"27\" \/>\n\t<meta property=\"og:image:type\" content=\"image\/png\" \/>\n<meta name=\"twitter:card\" content=\"summary_large_image\" \/>\n<meta name=\"twitter:label1\" content=\"Est. reading time\" \/>\n\t<meta name=\"twitter:data1\" content=\"5 minutes\" \/>\n<script type=\"application\/ld+json\" class=\"yoast-schema-graph\">{\"@context\":\"https:\\\/\\\/schema.org\",\"@graph\":[{\"@type\":\"WebPage\",\"@id\":\"https:\\\/\\\/mas-valentine.com\\\/services\",\"url\":\"https:\\\/\\\/mas-valentine.com\\\/services\",\"name\":\"4 Star Services - Mas Valentine\",\"isPartOf\":{\"@id\":\"https:\\\/\\\/mas-valentine.com\\\/#website\"},\"datePublished\":\"2019-11-21T18:19:22+00:00\",\"dateModified\":\"2024-03-19T15:43:46+00:00\",\"breadcrumb\":{\"@id\":\"https:\\\/\\\/mas-valentine.com\\\/services#breadcrumb\"},\"inLanguage\":\"en-US\",\"potentialAction\":[{\"@type\":\"ReadAction\",\"target\":[\"https:\\\/\\\/mas-valentine.com\\\/services\"]}]},{\"@type\":\"BreadcrumbList\",\"@id\":\"https:\\\/\\\/mas-valentine.com\\\/services#breadcrumb\",\"itemListElement\":[{\"@type\":\"ListItem\",\"position\":1,\"name\":\"Home\",\"item\":\"https:\\\/\\\/mas-valentine.com\\\/en\"},{\"@type\":\"ListItem\",\"position\":2,\"name\":\"4 Star Services\"}]},{\"@type\":\"WebSite\",\"@id\":\"https:\\\/\\\/mas-valentine.com\\\/#website\",\"url\":\"https:\\\/\\\/mas-valentine.com\\\/\",\"name\":\"Mas Valentine\",\"description\":\"H\u00f4tel 4 \u00e9toiles \u00e0 Saint-R\u00e9my de Provence\",\"potentialAction\":[{\"@type\":\"SearchAction\",\"target\":{\"@type\":\"EntryPoint\",\"urlTemplate\":\"https:\\\/\\\/mas-valentine.com\\\/?s={search_term_string}\"},\"query-input\":{\"@type\":\"PropertyValueSpecification\",\"valueRequired\":true,\"valueName\":\"search_term_string\"}}],\"inLanguage\":\"en-US\"}]}<\/script>\n<!-- \/ Yoast SEO plugin. -->","yoast_head_json":{"title":"4 Star Services - Mas Valentine","robots":{"index":"index","follow":"follow","max-snippet":"max-snippet:-1","max-image-preview":"max-image-preview:large","max-video-preview":"max-video-preview:-1"},"canonical":"https:\/\/mas-valentine.com\/services","og_locale":"en_US","og_type":"article","og_title":"4 Star Services - Mas Valentine","og_description":"[vc_row][vc_column css=&#8221;.vc_custom_1575310538447{margin-top: 90px !important;margin-bottom: 90px !important;}&#8221;][vc_column_text el_class=&#8221;services-edito&#8221;] Ideal starting point for exploring Provence and discovering the typically Proven\u00e7al villages of Gordes, les Baux de Provence, Eygali\u00e8res, Maussane les Alpilles&#8230; To relax and fully enjoy your stay in the Alpilles, Mas [&hellip;]","og_url":"https:\/\/mas-valentine.com\/services","og_site_name":"Mas Valentine","article_modified_time":"2024-03-19T15:43:46+00:00","og_image":[{"width":27,"height":27,"url":"https:\/\/mas-valentine.com\/wp-content\/uploads\/2025\/09\/favicon_mas_valentine.png","type":"image\/png"}],"twitter_card":"summary_large_image","twitter_misc":{"Est. reading time":"5 minutes"},"schema":{"@context":"https:\/\/schema.org","@graph":[{"@type":"WebPage","@id":"https:\/\/mas-valentine.com\/services","url":"https:\/\/mas-valentine.com\/services","name":"4 Star Services - Mas Valentine","isPartOf":{"@id":"https:\/\/mas-valentine.com\/#website"},"datePublished":"2019-11-21T18:19:22+00:00","dateModified":"2024-03-19T15:43:46+00:00","breadcrumb":{"@id":"https:\/\/mas-valentine.com\/services#breadcrumb"},"inLanguage":"en-US","potentialAction":[{"@type":"ReadAction","target":["https:\/\/mas-valentine.com\/services"]}]},{"@type":"BreadcrumbList","@id":"https:\/\/mas-valentine.com\/services#breadcrumb","itemListElement":[{"@type":"ListItem","position":1,"name":"Home","item":"https:\/\/mas-valentine.com\/en"},{"@type":"ListItem","position":2,"name":"4 Star Services"}]},{"@type":"WebSite","@id":"https:\/\/mas-valentine.com\/#website","url":"https:\/\/mas-valentine.com\/","name":"Mas Valentine","description":"H\u00f4tel 4 \u00e9toiles \u00e0 Saint-R\u00e9my de Provence","potentialAction":[{"@type":"SearchAction","target":{"@type":"EntryPoint","urlTemplate":"https:\/\/mas-valentine.com\/?s={search_term_string}"},"query-input":{"@type":"PropertyValueSpecification","valueRequired":true,"valueName":"search_term_string"}}],"inLanguage":"en-US"}]}},"_links":{"self":[{"href":"https:\/\/mas-valentine.com\/en\/wp-json\/wp\/v2\/pages\/15662","targetHints":{"allow":["GET"]}}],"collection":[{"href":"https:\/\/mas-valentine.com\/en\/wp-json\/wp\/v2\/pages"}],"about":[{"href":"https:\/\/mas-valentine.com\/en\/wp-json\/wp\/v2\/types\/page"}],"author":[{"embeddable":true,"href":"https:\/\/mas-valentine.com\/en\/wp-json\/wp\/v2\/users\/1"}],"replies":[{"embeddable":true,"href":"https:\/\/mas-valentine.com\/en\/wp-json\/wp\/v2\/comments?post=15662"}],"version-history":[{"count":0,"href":"https:\/\/mas-valentine.com\/en\/wp-json\/wp\/v2\/pages\/15662\/revisions"}],"wp:attachment":[{"href":"https:\/\/mas-valentine.com\/en\/wp-json\/wp\/v2\/media?parent=15662"}],"curies":[{"name":"wp","href":"https:\/\/api.w.org\/{rel}","templated":true}]}}