{"id":15646,"date":"2017-12-13T11:03:06","date_gmt":"2017-12-13T11:03:06","guid":{"rendered":"https:\/\/mas-valentine.com\/nos-chambres-suites"},"modified":"2023-10-03T13:46:10","modified_gmt":"2023-10-03T13:46:10","slug":"nos-chambres-suites","status":"publish","type":"page","link":"https:\/\/mas-valentine.com\/en\/nos-chambres-suites","title":{"rendered":"Rooms &#038; Suites"},"content":{"rendered":"<p>[vc_row css=&#8221;.vc_custom_1513352395425{padding-bottom: 50px !important;}&#8221;][vc_column][vc_column_text][\/vc_column_text][vc_column_text css_animation=&#8221;lightSpeedIn&#8221;]<\/p>\n<pre style=\"line-height: 27.0pt; background: #F8F9FA;\"><span class=\"y2iqfc\"><span style=\"font-size: 12.0pt; font-family: 'Times New Roman','serif'; color: #202124;\">By booking directly on our site, you benefit from the lowers rates, breakfast included and free access to the swimming pool, sauna and jacuzzi.<\/span><\/span><\/pre>\n<p>[\/vc_column_text]<div class=\"mkdf-hrl-holder mkdf-hrl-divided mkdf-normal-space mkdf-hrl-with-filter    mkdf-hrl-one-column mkdf-hrl-pag-no-pagination\"  data-type=\"divided\" data-number-of-columns=\"1\" data-space-between-items=\"normal\" data-number-of-items=\"-1\" data-image-proportions=\"full\" data-enable-filter=\"yes\" data-order-by=\"date\" data-order=\"ASC\" data-title-tag=\"h5\" data-enable-excerpt=\"yes\" data-excerpt-length=\"150\" data-pagination-type=\"no-pagination\" data-enable-sort=\"no\" data-max-num-pages=\"0\" data-next-page=\"2\">\r\n\t\t<div class=\"mkdf-grid-row\">\r\n\t\t<div class=\"mkdf-hrl-items-part\r\n                        mkdf-grid-col-9\r\n            \">\r\n\t\t\t<div class=\"mkdf-hrl-inner mkdf-outer-space clearfix\">\r\n\t\t\t\t    <article class=\"mkdf-hrl-item mkdf-item-space  post-15653 hotel-room type-hotel-room status-publish has-post-thumbnail hentry amenity-tag-acces-au-salon-executif-en amenity-tag-armoire-ou-penderie-en amenity-tag-bureau-en amenity-tag-chauffage-en amenity-tag-climatisation-en amenity-tag-coffre-fort-en amenity-tag-etages-superieurs-accessibles-uniquement-par-les-escaliers-en amenity-tag-fer-a-repasser-en amenity-tag-insonorisation-en amenity-tag-linge-de-maison-en amenity-tag-minibar-en amenity-tag-parquet-en amenity-tag-radio-en amenity-tag-reveil-en amenity-tag-television-ecran-plat-en amenity-tag-wi-fi-en sanitaires-baignoire-ou-douche-a-litalienne-en sanitaires-seche-cheveux-en services-acces-a-la-salle-de-television-en services-acces-au-salon-commun-en services-jaccuzzi-exterieur-en services-petit-dejeuner-continental-buffet-en services-piscine-exterieur-en services-sauna-en caracteristiques-non-fumeurs-en caracteristiques-parking-gratuit-en caracteristiques-superficie-23m2-en caracteristiques-vue-sur-le-jardin-en\">\r\n        <div class=\"mkdf-hrl-item-inner\">\r\n\t\t\t<div class=\"mkdf-item-holder\">\r\n    <div class=\"mkdf-hrl-item-image\">\r\n\t\t<img loading=\"lazy\" decoding=\"async\" width=\"1200\" height=\"800\" src=\"https:\/\/mas-valentine.com\/wp-content\/uploads\/2019\/11\/\u00a9VirginieOvessianPhotgraphe_085_350.jpg\" class=\"attachment-full size-full wp-post-image\" alt=\"\" srcset=\"https:\/\/mas-valentine.com\/wp-content\/uploads\/2019\/11\/\u00a9VirginieOvessianPhotgraphe_085_350.jpg 1200w, https:\/\/mas-valentine.com\/wp-content\/uploads\/2019\/11\/\u00a9VirginieOvessianPhotgraphe_085_350-300x200.jpg 300w, https:\/\/mas-valentine.com\/wp-content\/uploads\/2019\/11\/\u00a9VirginieOvessianPhotgraphe_085_350-1024x683.jpg 1024w, https:\/\/mas-valentine.com\/wp-content\/uploads\/2019\/11\/\u00a9VirginieOvessianPhotgraphe_085_350-768x512.jpg 768w\" sizes=\"auto, (max-width: 1200px) 100vw, 1200px\" \/>    <a itemprop=\"url\" class=\"mkdf-hrl-link mkdf-block-drag-link\" href=\"https:\/\/mas-valentine.com\/en\/nos-chambres-suites\/doubles-confort\" target=\"_self\"><\/a>\r\n\t<\/div>    <div class=\"mkdf-hrl-item-content\">\r\n        <div class=\"mkdf-hrl-item-content-holder\">\r\n            <div class=\"mkdf-hrl-item-content-inner\">\r\n\t\t\t\t<h5 itemprop=\"name\" class=\"mkdf-hrl-item-title entry-title\">\r\n<a itemprop=\"url\" href=\"https:\/\/mas-valentine.com\/en\/nos-chambres-suites\/doubles-confort\" target=\"_self\">\r\n\tComfort Double Rooms<\/a>\r\n<\/h5>\t\t\t\t\t<p itemprop=\"description\" class=\"mkdf-pli-excerpt\">There are 8 of them and welcome you to the first floor of the building. Their originality? None resembles the other and yet each exudes a scent of aut<\/p>\r\n\t\t\t\t\t<div class=\"mkdf-post-read-more-button\">\r\n\t\t<a itemprop=\"url\" href=\"https:\/\/mas-valentine.com\/en\/nos-chambres-suites\/doubles-confort\" target=\"_self\"  class=\"mkdf-btn mkdf-btn-medium mkdf-btn-simple\"  >\r    <span class=\"mkdf-btn-text\">Check Details<\/span>\r    <\/a>\t<\/div>\r\n            <\/div>\r\n        <\/div>\r\n    <\/div>\r\n<\/div>\r\n        <\/div>\r\n    <\/article>\r\n    <article class=\"mkdf-hrl-item mkdf-item-space  post-15650 hotel-room type-hotel-room status-publish has-post-thumbnail hentry amenity-tag-acces-au-salon-executif-en amenity-tag-armoire-ou-penderie-en amenity-tag-bureau-en amenity-tag-chauffage-en amenity-tag-climatisation-en amenity-tag-coffre-fort-en amenity-tag-fer-a-repasser-en amenity-tag-insonorisation-en amenity-tag-linge-de-maison-en amenity-tag-minibar-en amenity-tag-parquet-en amenity-tag-radio-en amenity-tag-reveil-en amenity-tag-television-ecran-plat-en amenity-tag-wi-fi-en sanitaires-baignoire-en sanitaires-douche-a-litalienne-en sanitaires-seche-cheveux-en services-acces-a-la-salle-de-television-en services-acces-au-salon-commun-en services-jaccuzzi-exterieur-en services-petit-dejeuner-continental-buffet-en services-piscine-exterieur-en services-sauna-en caracteristiques-non-fumeurs-en caracteristiques-parking-gratuit-en caracteristiques-superficie-35m-en caracteristiques-vue-sur-le-jardin-en\">\r\n        <div class=\"mkdf-hrl-item-inner\">\r\n\t\t\t<div class=\"mkdf-item-holder\">\r\n    <div class=\"mkdf-hrl-item-image\">\r\n\t\t<img loading=\"lazy\" decoding=\"async\" width=\"1200\" height=\"800\" src=\"https:\/\/mas-valentine.com\/wp-content\/uploads\/2019\/11\/\u00a9VirginieOvessianPhotgraphe_101_521-2.jpg\" class=\"attachment-full size-full wp-post-image\" alt=\"\" srcset=\"https:\/\/mas-valentine.com\/wp-content\/uploads\/2019\/11\/\u00a9VirginieOvessianPhotgraphe_101_521-2.jpg 1200w, https:\/\/mas-valentine.com\/wp-content\/uploads\/2019\/11\/\u00a9VirginieOvessianPhotgraphe_101_521-2-300x200.jpg 300w, https:\/\/mas-valentine.com\/wp-content\/uploads\/2019\/11\/\u00a9VirginieOvessianPhotgraphe_101_521-2-1024x683.jpg 1024w, https:\/\/mas-valentine.com\/wp-content\/uploads\/2019\/11\/\u00a9VirginieOvessianPhotgraphe_101_521-2-768x512.jpg 768w\" sizes=\"auto, (max-width: 1200px) 100vw, 1200px\" \/>    <a itemprop=\"url\" class=\"mkdf-hrl-link mkdf-block-drag-link\" href=\"https:\/\/mas-valentine.com\/en\/nos-chambres-suites\/suites-juniors\" target=\"_self\"><\/a>\r\n\t<\/div>    <div class=\"mkdf-hrl-item-content\">\r\n        <div class=\"mkdf-hrl-item-content-holder\">\r\n            <div class=\"mkdf-hrl-item-content-inner\">\r\n\t\t\t\t<h5 itemprop=\"name\" class=\"mkdf-hrl-item-title entry-title\">\r\n<a itemprop=\"url\" href=\"https:\/\/mas-valentine.com\/en\/nos-chambres-suites\/suites-juniors\" target=\"_self\">\r\n\tJunior Suites<\/a>\r\n<\/h5>\t\t\t\t\t<p itemprop=\"description\" class=\"mkdf-pli-excerpt\">Mas Valentine has 3 Junior Suites located on the garden level. They benefit from a private terrace and garden near the swimming pool and the \u201cwell-b<\/p>\r\n\t\t\t\t\t<div class=\"mkdf-post-read-more-button\">\r\n\t\t<a itemprop=\"url\" href=\"https:\/\/mas-valentine.com\/en\/nos-chambres-suites\/suites-juniors\" target=\"_self\"  class=\"mkdf-btn mkdf-btn-medium mkdf-btn-simple\"  >\r    <span class=\"mkdf-btn-text\">Check Details<\/span>\r    <\/a>\t<\/div>\r\n            <\/div>\r\n        <\/div>\r\n    <\/div>\r\n<\/div>\r\n        <\/div>\r\n    <\/article>\r\n    <article class=\"mkdf-hrl-item mkdf-item-space  post-15635 hotel-room type-hotel-room status-publish has-post-thumbnail hentry amenity-tag-acces-au-salon-executif-en amenity-tag-armoire-ou-penderie-en amenity-tag-bureau-en amenity-tag-chauffage-en amenity-tag-climatisation-en amenity-tag-coffre-fort-en amenity-tag-fer-a-repasser-en amenity-tag-insonorisation-en amenity-tag-linge-de-maison-en amenity-tag-minibar-en amenity-tag-parquet-en amenity-tag-radio-en amenity-tag-reveil-en amenity-tag-television-ecran-plat-en amenity-tag-wi-fi-en sanitaires-baignoire-en sanitaires-douche-a-litalienne-en sanitaires-seche-cheveux-en services-acces-a-la-salle-de-television-en services-acces-au-salon-commun-en services-jaccuzzi-exterieur-en services-petit-dejeuner-continental-buffet-en services-piscine-exterieur-en services-sauna-en caracteristiques-non-fumeurs-en caracteristiques-parking-gratuit-en caracteristiques-vue-sur-le-jardin-en\">\r\n        <div class=\"mkdf-hrl-item-inner\">\r\n\t\t\t<div class=\"mkdf-item-holder\">\r\n    <div class=\"mkdf-hrl-item-image\">\r\n\t\t<img loading=\"lazy\" decoding=\"async\" width=\"1200\" height=\"800\" src=\"https:\/\/mas-valentine.com\/wp-content\/uploads\/2019\/11\/\u00a9VirginieOvessianPhotgraphe_138_680.jpg\" class=\"attachment-full size-full wp-post-image\" alt=\"\" srcset=\"https:\/\/mas-valentine.com\/wp-content\/uploads\/2019\/11\/\u00a9VirginieOvessianPhotgraphe_138_680.jpg 1200w, https:\/\/mas-valentine.com\/wp-content\/uploads\/2019\/11\/\u00a9VirginieOvessianPhotgraphe_138_680-300x200.jpg 300w, https:\/\/mas-valentine.com\/wp-content\/uploads\/2019\/11\/\u00a9VirginieOvessianPhotgraphe_138_680-1024x683.jpg 1024w, https:\/\/mas-valentine.com\/wp-content\/uploads\/2019\/11\/\u00a9VirginieOvessianPhotgraphe_138_680-768x512.jpg 768w\" sizes=\"auto, (max-width: 1200px) 100vw, 1200px\" \/>    <a itemprop=\"url\" class=\"mkdf-hrl-link mkdf-block-drag-link\" href=\"https:\/\/mas-valentine.com\/en\/nos-chambres-suites\/prestige-deluxe-suite\" target=\"_self\"><\/a>\r\n\t<\/div>    <div class=\"mkdf-hrl-item-content\">\r\n        <div class=\"mkdf-hrl-item-content-holder\">\r\n            <div class=\"mkdf-hrl-item-content-inner\">\r\n\t\t\t\t<h5 itemprop=\"name\" class=\"mkdf-hrl-item-title entry-title\">\r\n<a itemprop=\"url\" href=\"https:\/\/mas-valentine.com\/en\/nos-chambres-suites\/prestige-deluxe-suite\" target=\"_self\">\r\n\tPrestige Deluxe Suites<\/a>\r\n<\/h5>\t\t\t\t\t<p itemprop=\"description\" class=\"mkdf-pli-excerpt\">2 Prestige Suites, located on the ground floor, also benefiting from a private terrace and garden, near the swimming pool and the \u201cwell-being\u201d are<\/p>\r\n\t\t\t\t\t<div class=\"mkdf-post-read-more-button\">\r\n\t\t<a itemprop=\"url\" href=\"https:\/\/mas-valentine.com\/en\/nos-chambres-suites\/prestige-deluxe-suite\" target=\"_self\"  class=\"mkdf-btn mkdf-btn-medium mkdf-btn-simple\"  >\r    <span class=\"mkdf-btn-text\">Check Details<\/span>\r    <\/a>\t<\/div>\r\n            <\/div>\r\n        <\/div>\r\n    <\/div>\r\n<\/div>\r\n        <\/div>\r\n    <\/article>\r\n\t\t\t<\/div>\r\n\t\t\t\r\n\t\t\t\t\t<\/div>\r\n\t\t\t<div class=\"mkdf-grid-col-3\">\r\n\t\r\n\t\t\t\t<div class=\"booking-form-sidebar-rooms\">\r\n\t\t\t\t\t<div id=\"booking_form-3\" class=\"widget Formulaire de r&eacute;servation\">        <script type=\"text\/javascript\">\r\n            jQuery(document).ready(function($) {\r\n                $('.mkdf-filter-min-date').datepicker({\r\n                    dateFormat: 'dd-mm-yy'\r\n                }).val();\r\n                $('.mkdf-filter-max-date').datepicker({\r\n                    dateFormat: 'dd-mm-yy'\r\n                }).val();\r\n            });\r\n        <\/script>\r\n        <div class=\"booking-form-sidebar-title\">\r\n            <h5><span class=\"mkdf-sidearea-title\">R\u00e9servation<\/span><span class=\"mkdf-sidearea-line\"><\/span><\/h5>        <\/div>\r\n        <div class=\"booking-form-sidebar\">\r\n            <form action=\"#\" class=\"ibe\" data-region=\"emea\" data-channelcode=\"masvalentinedirect\">\r\n                <div class=\"mkdf-hotel-filters-cell\">\r\n                    <span class=\"mkdf-input-min-date\">\r\n                        <label>Check-in:<\/label><br \/>\r\n                        <input type=\"text\" class=\"mkdf-filter-min-date\" name=\"check_in_date\" placeholder=\"Check-in\" value=\"06 May 2026\" \/>\r\n                    <\/span>\r\n                <\/div>\r\n                <div class=\"mkdf-hotel-filters-cell\">\r\n                    <span class=\"mkdf-input-max-date\">\r\n                        <label>Check-out:<\/label><br \/>\r\n                        <input type=\"text\" class=\"mkdf-filter-max-date\" name=\"check_out_date\" placeholder=\"Check-out\" value=\"07 May 2026\" \/>\r\n                    <\/span>\r\n                <\/div>\r\n                <!--<div class=\"mkdf-hotel-filters-cell\">\r\n                        <span class=\"mkdf-input-rooms-number\">\r\n                            <label for=\"mkdf-filter-rooms-number\">Rooms:<\/label><br \/>\r\n                            <select id=\"mkdf-filter-rooms-number\" name=\"rooms_number\" class=\"mkdf-filter-rooms-number\">\r\n                                                            <option value=\"\r\n                                                                                \">1<\/option>\r\n                                <option value=\"\r\n                                                                                \">2<\/option>\r\n                                <option value=\"\r\n                                                                                \">3<\/option>\r\n                                                        <\/select>\r\n                        <\/span>\r\n                    <\/div>-->\r\n                <div class=\"booking-form-sidebar-split\">\r\n                    <div class=\"mkdf-hotel-filters-cell\">\r\n                        <span class=\"mkdf-input-adults\">\r\n                            <label for=\"mkdf-filter-adults\">Adults:<\/label><br \/>\r\n                            <select id=\"mkdf-filter-adults\" name=\"number_adults\" class=\"mkdf-filter-adults\">\r\n                                <option selected value=\"0\">0<\/option>\r\n                                <option value=\"1\">1<\/option>\r\n                                <option value=\"2\">2<\/option>\r\n                                <option value=\"3\">3<\/option>\r\n                                <option value=\"4\">4<\/option>\r\n                                <option value=\"5\">5<\/option>\r\n                                <option value=\"6\">6<\/option>\r\n                            <\/select>\r\n                        <\/span>\r\n                    <\/div>\r\n                <\/div>\r\n                <div class=\"booking-form-sidebar-split\">\r\n                    <div class=\"mkdf-hotel-filters-cell\">\r\n                        <span class=\"mkdf-input-children\">\r\n                            <label for=\"mkdf-filter-children\">Children:<\/label><br \/>\r\n                            <select id=\"mkdf-filter-children\" name=\"number_children\" class=\"mkdf-filter-children\">\r\n                                <option selected value=\"0\">0<\/option>\r\n                                <option value=\"1\">1<\/option>\r\n                                <option value=\"2\">2<\/option>\r\n                                <option value=\"3\">3<\/option>\r\n                                <option value=\"4\">4<\/option>\r\n                                <option value=\"5\">5<\/option>\r\n                            <\/select>\r\n                        <\/span>\r\n                    <\/div>\r\n                <\/div>\r\n                <div class=\"mkdf-hotel-filters-cell mkdf-hotel-room-filter-button-holder\">\r\n                    <button type=\"submit\"  class=\"mkdf-btn mkdf-btn-medium mkdf-btn-solid mkdf-hotel-room-filter-button mkdf-btn-custom-hover-bg\"  >\r    <span class=\"mkdf-btn-text\">Book Now<\/span>\r    <\/button>                <\/div>\r\n                                                        <input type=\"hidden\" name=\"lang\" value=\"en\">\r\n                            <\/form>\r\n            <script src=\"https:\/\/widget.siteminder.com\/ibe.min.js\"><\/script>\r\n        <\/div>\r\n        <\/div>\t\t\t\t<\/div>\t\r\n\r\n\t<\/div>\r\n\t<\/div>\r\n\t\t\t\r\n<\/div>[vc_column_text][\/vc_column_text][\/vc_column][\/vc_row][vc_row][vc_column][\/vc_column][\/vc_row]<\/p>\n","protected":false},"excerpt":{"rendered":"<p>[vc_row css=&#8221;.vc_custom_1513352395425{padding-bottom: 50px !important;}&#8221;][vc_column][vc_column_text][\/vc_column_text][vc_column_text css_animation=&#8221;lightSpeedIn&#8221;] By booking directly on our site, you benefit from the lowers rates, breakfast included and free access to the swimming pool, sauna and jacuzzi. [\/vc_column_text][vc_column_text][\/vc_column_text][\/vc_column][\/vc_row][vc_row][vc_column][\/vc_column][\/vc_row]<\/p>\n","protected":false},"author":1,"featured_media":0,"parent":0,"menu_order":0,"comment_status":"closed","ping_status":"closed","template":"","meta":{"_acf_changed":false,"footnotes":""},"class_list":["post-15646","page","type-page","status-publish","hentry"],"acf":[],"yoast_head":"<!-- This site is optimized with the Yoast SEO plugin v27.5 - https:\/\/yoast.com\/product\/yoast-seo-wordpress\/ -->\n<title>Rooms &amp; Suites - Mas Valentine<\/title>\n<meta name=\"robots\" content=\"index, follow, max-snippet:-1, max-image-preview:large, max-video-preview:-1\" \/>\n<link rel=\"canonical\" href=\"https:\/\/mas-valentine.com\/nos-chambres-suites\" \/>\n<meta property=\"og:locale\" content=\"en_US\" \/>\n<meta property=\"og:type\" content=\"article\" \/>\n<meta property=\"og:title\" content=\"Rooms &amp; Suites - Mas Valentine\" \/>\n<meta property=\"og:description\" content=\"[vc_row css=&#8221;.vc_custom_1513352395425{padding-bottom: 50px !important;}&#8221;][vc_column][vc_column_text][\/vc_column_text][vc_column_text css_animation=&#8221;lightSpeedIn&#8221;] By booking directly on our site, you benefit from the lowers rates, breakfast included and free access to the swimming pool, sauna and jacuzzi. [\/vc_column_text][vc_column_text][\/vc_column_text][\/vc_column][\/vc_row][vc_row][vc_column][\/vc_column][\/vc_row]\" \/>\n<meta property=\"og:url\" content=\"https:\/\/mas-valentine.com\/nos-chambres-suites\" \/>\n<meta property=\"og:site_name\" content=\"Mas Valentine\" \/>\n<meta property=\"article:modified_time\" content=\"2023-10-03T13:46:10+00:00\" \/>\n<meta property=\"og:image\" content=\"https:\/\/mas-valentine.com\/wp-content\/uploads\/2025\/09\/favicon_mas_valentine.png\" \/>\n\t<meta property=\"og:image:width\" content=\"27\" \/>\n\t<meta property=\"og:image:height\" content=\"27\" \/>\n\t<meta property=\"og:image:type\" content=\"image\/png\" \/>\n<meta name=\"twitter:card\" content=\"summary_large_image\" \/>\n<script type=\"application\/ld+json\" class=\"yoast-schema-graph\">{\"@context\":\"https:\\\/\\\/schema.org\",\"@graph\":[{\"@type\":\"WebPage\",\"@id\":\"https:\\\/\\\/mas-valentine.com\\\/nos-chambres-suites\",\"url\":\"https:\\\/\\\/mas-valentine.com\\\/nos-chambres-suites\",\"name\":\"Rooms & Suites - Mas Valentine\",\"isPartOf\":{\"@id\":\"https:\\\/\\\/mas-valentine.com\\\/#website\"},\"datePublished\":\"2017-12-13T11:03:06+00:00\",\"dateModified\":\"2023-10-03T13:46:10+00:00\",\"breadcrumb\":{\"@id\":\"https:\\\/\\\/mas-valentine.com\\\/nos-chambres-suites#breadcrumb\"},\"inLanguage\":\"en-US\",\"potentialAction\":[{\"@type\":\"ReadAction\",\"target\":[\"https:\\\/\\\/mas-valentine.com\\\/nos-chambres-suites\"]}]},{\"@type\":\"BreadcrumbList\",\"@id\":\"https:\\\/\\\/mas-valentine.com\\\/nos-chambres-suites#breadcrumb\",\"itemListElement\":[{\"@type\":\"ListItem\",\"position\":1,\"name\":\"Home\",\"item\":\"https:\\\/\\\/mas-valentine.com\\\/en\"},{\"@type\":\"ListItem\",\"position\":2,\"name\":\"Rooms &#038; Suites\"}]},{\"@type\":\"WebSite\",\"@id\":\"https:\\\/\\\/mas-valentine.com\\\/#website\",\"url\":\"https:\\\/\\\/mas-valentine.com\\\/\",\"name\":\"Mas Valentine\",\"description\":\"H\u00f4tel 4 \u00e9toiles \u00e0 Saint-R\u00e9my de Provence\",\"potentialAction\":[{\"@type\":\"SearchAction\",\"target\":{\"@type\":\"EntryPoint\",\"urlTemplate\":\"https:\\\/\\\/mas-valentine.com\\\/?s={search_term_string}\"},\"query-input\":{\"@type\":\"PropertyValueSpecification\",\"valueRequired\":true,\"valueName\":\"search_term_string\"}}],\"inLanguage\":\"en-US\"}]}<\/script>\n<!-- \/ Yoast SEO plugin. -->","yoast_head_json":{"title":"Rooms & Suites - Mas Valentine","robots":{"index":"index","follow":"follow","max-snippet":"max-snippet:-1","max-image-preview":"max-image-preview:large","max-video-preview":"max-video-preview:-1"},"canonical":"https:\/\/mas-valentine.com\/nos-chambres-suites","og_locale":"en_US","og_type":"article","og_title":"Rooms & Suites - Mas Valentine","og_description":"[vc_row css=&#8221;.vc_custom_1513352395425{padding-bottom: 50px !important;}&#8221;][vc_column][vc_column_text][\/vc_column_text][vc_column_text css_animation=&#8221;lightSpeedIn&#8221;] By booking directly on our site, you benefit from the lowers rates, breakfast included and free access to the swimming pool, sauna and jacuzzi. [\/vc_column_text][vc_column_text][\/vc_column_text][\/vc_column][\/vc_row][vc_row][vc_column][\/vc_column][\/vc_row]","og_url":"https:\/\/mas-valentine.com\/nos-chambres-suites","og_site_name":"Mas Valentine","article_modified_time":"2023-10-03T13:46:10+00:00","og_image":[{"width":27,"height":27,"url":"https:\/\/mas-valentine.com\/wp-content\/uploads\/2025\/09\/favicon_mas_valentine.png","type":"image\/png"}],"twitter_card":"summary_large_image","schema":{"@context":"https:\/\/schema.org","@graph":[{"@type":"WebPage","@id":"https:\/\/mas-valentine.com\/nos-chambres-suites","url":"https:\/\/mas-valentine.com\/nos-chambres-suites","name":"Rooms & Suites - Mas Valentine","isPartOf":{"@id":"https:\/\/mas-valentine.com\/#website"},"datePublished":"2017-12-13T11:03:06+00:00","dateModified":"2023-10-03T13:46:10+00:00","breadcrumb":{"@id":"https:\/\/mas-valentine.com\/nos-chambres-suites#breadcrumb"},"inLanguage":"en-US","potentialAction":[{"@type":"ReadAction","target":["https:\/\/mas-valentine.com\/nos-chambres-suites"]}]},{"@type":"BreadcrumbList","@id":"https:\/\/mas-valentine.com\/nos-chambres-suites#breadcrumb","itemListElement":[{"@type":"ListItem","position":1,"name":"Home","item":"https:\/\/mas-valentine.com\/en"},{"@type":"ListItem","position":2,"name":"Rooms &#038; Suites"}]},{"@type":"WebSite","@id":"https:\/\/mas-valentine.com\/#website","url":"https:\/\/mas-valentine.com\/","name":"Mas Valentine","description":"H\u00f4tel 4 \u00e9toiles \u00e0 Saint-R\u00e9my de Provence","potentialAction":[{"@type":"SearchAction","target":{"@type":"EntryPoint","urlTemplate":"https:\/\/mas-valentine.com\/?s={search_term_string}"},"query-input":{"@type":"PropertyValueSpecification","valueRequired":true,"valueName":"search_term_string"}}],"inLanguage":"en-US"}]}},"_links":{"self":[{"href":"https:\/\/mas-valentine.com\/en\/wp-json\/wp\/v2\/pages\/15646","targetHints":{"allow":["GET"]}}],"collection":[{"href":"https:\/\/mas-valentine.com\/en\/wp-json\/wp\/v2\/pages"}],"about":[{"href":"https:\/\/mas-valentine.com\/en\/wp-json\/wp\/v2\/types\/page"}],"author":[{"embeddable":true,"href":"https:\/\/mas-valentine.com\/en\/wp-json\/wp\/v2\/users\/1"}],"replies":[{"embeddable":true,"href":"https:\/\/mas-valentine.com\/en\/wp-json\/wp\/v2\/comments?post=15646"}],"version-history":[{"count":0,"href":"https:\/\/mas-valentine.com\/en\/wp-json\/wp\/v2\/pages\/15646\/revisions"}],"wp:attachment":[{"href":"https:\/\/mas-valentine.com\/en\/wp-json\/wp\/v2\/media?parent=15646"}],"curies":[{"name":"wp","href":"https:\/\/api.w.org\/{rel}","templated":true}]}}