{"id":15675,"date":"2017-05-04T08:28:13","date_gmt":"2017-05-04T08:28:13","guid":{"rendered":"https:\/\/mas-valentine.com\/galerie-photos"},"modified":"2023-10-11T16:18:01","modified_gmt":"2023-10-11T16:18:01","slug":"galerie-photos","status":"publish","type":"page","link":"https:\/\/mas-valentine.com\/de\/galerie-photos","title":{"rendered":"Fotogallerie"},"content":{"rendered":"<p>[vc_row css=&#8220;.vc_custom_1494582059840{padding-top: 108px !important;}&#8220;][vc_column]<div class=\"mkdf-section-title-holder  mkdf-st-standard  mkdf-st-title-left mkdf-st-normal-space \" >\r\n\t<div class=\"mkdf-st-inner\">\r\n\t\t\t\t\t\t\t<h2 class=\"mkdf-st-title\" >\r\n\t\t\t\thotel\t\t\t\t\t\t\t<\/h2>\r\n\t\t\t\t\t\t\t<\/div>\r\n<\/div>[vc_gallery type=&#8220;image_grid&#8220; images=&#8220;14127,14031,14786,14765,14021,14759,14762,14780,14708,14529,14520,14514,14569,14774,14783,14771,14768,14750,14753,15316,15301,15313,14747,14744,14741,14738,14735,14732,14729,14726,14717,14714,14711,15307,15310,15562,15565,15568,15571,15574,15577,15580,15559&#8243; img_size=&#8220;fivestar_mikado_image_square&#8220; el_class=&#8220;photo-galery&#8220;][\/vc_column][\/vc_row][vc_row css=&#8220;.vc_custom_1494582059840{padding-top: 108px !important;}&#8220;][vc_column]<div class=\"mkdf-section-title-holder  mkdf-st-standard  mkdf-st-title-left mkdf-st-normal-space \" >\r\n\t<div class=\"mkdf-st-inner\">\r\n\t\t\t\t\t\t\t<h2 class=\"mkdf-st-title\" >\r\n\t\t\t\tzimmer &amp; suiten\t\t\t\t\t\t\t<\/h2>\r\n\t\t\t\t\t\t\t<\/div>\r\n<\/div>[vc_gallery type=&#8220;image_grid&#8220; images=&#8220;15277,15271,15268,15265,15262,15259,15193,15190,15187,15184,15181,15178,15175,15172,15133,15136,15130,15127,15124,15091,14854,14427,14445,14540,14523,14436&#8243; img_size=&#8220;fivestar_mikado_image_square&#8220; el_class=&#8220;photo-galery&#8220;][\/vc_column][\/vc_row][vc_row css=&#8220;.vc_custom_1494582059840{padding-top: 108px !important;}&#8220;][vc_column]<div class=\"mkdf-section-title-holder  mkdf-st-standard  mkdf-st-title-left mkdf-st-normal-space \" >\r\n\t<div class=\"mkdf-st-inner\">\r\n\t\t\t\t\t\t\t<h2 class=\"mkdf-st-title\" >\r\n\t\t\t\tDienstleistungen\t\t\t\t\t\t\t<\/h2>\r\n\t\t\t\t\t\t\t<\/div>\r\n<\/div>[vc_gallery type=&#8220;image_grid&#8220; images=&#8220;14363,14145,14139,14009,14490,14481,14543,14540,14537,14532,14517,14750,14753,14762,14759,14708,14741,14807,14810,14813,14816,14819,14822,14825,14828,14831,14834,14837,15316,15313,15307,15301,14946,14803,15354,15346,15574,15571,15568,15565,15562,15559&#8243; img_size=&#8220;fivestar_mikado_image_square&#8220; el_class=&#8220;photo-galery&#8220;][\/vc_column][\/vc_row][vc_row css=&#8220;.vc_custom_1494582059840{padding-top: 108px !important;}&#8220;][vc_column]<div class=\"mkdf-section-title-holder  mkdf-st-standard  mkdf-st-title-left mkdf-st-normal-space \" >\r\n\t<div class=\"mkdf-st-inner\">\r\n\t\t\t\t\t\t\t<h2 class=\"mkdf-st-title\" >\r\n\t\t\t\tRegion\t\t\t\t\t\t\t<\/h2>\r\n\t\t\t\t\t\t\t<\/div>\r\n<\/div>[vc_gallery type=&#8220;image_grid&#8220; images=&#8220;14177,14175,14165,13961,14487,14484,14481,14475,14472,14469,14505,14478,14502&#8243; img_size=&#8220;fivestar_mikado_image_square&#8220; el_class=&#8220;photo-galery&#8220;][\/vc_column][\/vc_row][vc_row][vc_column][vc_empty_space height=&#8220;100px&#8220;][\/vc_column][\/vc_row]<\/p>\n","protected":false},"excerpt":{"rendered":"<p>[vc_row css=&#8220;.vc_custom_1494582059840{padding-top: 108px !important;}&#8220;][vc_column][vc_gallery type=&#8220;image_grid&#8220; images=&#8220;14127,14031,14786,14765,14021,14759,14762,14780,14708,14529,14520,14514,14569,14774,14783,14771,14768,14750,14753,15316,15301,15313,14747,14744,14741,14738,14735,14732,14729,14726,14717,14714,14711,15307,15310,15562,15565,15568,15571,15574,15577,15580,15559&#8243; img_size=&#8220;fivestar_mikado_image_square&#8220; el_class=&#8220;photo-galery&#8220;][\/vc_column][\/vc_row][vc_row css=&#8220;.vc_custom_1494582059840{padding-top: 108px !important;}&#8220;][vc_column][vc_gallery type=&#8220;image_grid&#8220; images=&#8220;15277,15271,15268,15265,15262,15259,15193,15190,15187,15184,15181,15178,15175,15172,15133,15136,15130,15127,15124,15091,14854,14427,14445,14540,14523,14436&#8243; img_size=&#8220;fivestar_mikado_image_square&#8220; el_class=&#8220;photo-galery&#8220;][\/vc_column][\/vc_row][vc_row css=&#8220;.vc_custom_1494582059840{padding-top: 108px !important;}&#8220;][vc_column][vc_gallery type=&#8220;image_grid&#8220; images=&#8220;14363,14145,14139,14009,14490,14481,14543,14540,14537,14532,14517,14750,14753,14762,14759,14708,14741,14807,14810,14813,14816,14819,14822,14825,14828,14831,14834,14837,15316,15313,15307,15301,14946,14803,15354,15346,15574,15571,15568,15565,15562,15559&#8243; img_size=&#8220;fivestar_mikado_image_square&#8220; el_class=&#8220;photo-galery&#8220;][\/vc_column][\/vc_row][vc_row css=&#8220;.vc_custom_1494582059840{padding-top: 108px !important;}&#8220;][vc_column][vc_gallery type=&#8220;image_grid&#8220; images=&#8220;14177,14175,14165,13961,14487,14484,14481,14475,14472,14469,14505,14478,14502&#8243; img_size=&#8220;fivestar_mikado_image_square&#8220; el_class=&#8220;photo-galery&#8220;][\/vc_column][\/vc_row][vc_row][vc_column][vc_empty_space height=&#8220;100px&#8220;][\/vc_column][\/vc_row]<\/p>\n","protected":false},"author":1,"featured_media":0,"parent":0,"menu_order":0,"comment_status":"closed","ping_status":"closed","template":"","meta":{"_acf_changed":false,"footnotes":""},"class_list":["post-15675","page","type-page","status-publish","hentry"],"acf":[],"yoast_head":"<!-- This site is optimized with the Yoast SEO plugin v27.3 - https:\/\/yoast.com\/product\/yoast-seo-wordpress\/ -->\n<title>Fotogallerie - Mas Valentine<\/title>\n<meta name=\"robots\" content=\"index, follow, max-snippet:-1, max-image-preview:large, max-video-preview:-1\" \/>\n<link rel=\"canonical\" href=\"https:\/\/mas-valentine.com\/galerie-photos\" \/>\n<meta property=\"og:locale\" content=\"de_DE\" \/>\n<meta property=\"og:type\" content=\"article\" \/>\n<meta property=\"og:title\" content=\"Fotogallerie - Mas Valentine\" \/>\n<meta property=\"og:description\" content=\"[vc_row css=&#8220;.vc_custom_1494582059840{padding-top: 108px !important;}&#8220;][vc_column][vc_gallery type=&#8220;image_grid&#8220; images=&#8220;14127,14031,14786,14765,14021,14759,14762,14780,14708,14529,14520,14514,14569,14774,14783,14771,14768,14750,14753,15316,15301,15313,14747,14744,14741,14738,14735,14732,14729,14726,14717,14714,14711,15307,15310,15562,15565,15568,15571,15574,15577,15580,15559&#8243; img_size=&#8220;fivestar_mikado_image_square&#8220; el_class=&#8220;photo-galery&#8220;][\/vc_column][\/vc_row][vc_row css=&#8220;.vc_custom_1494582059840{padding-top: 108px !important;}&#8220;][vc_column][vc_gallery type=&#8220;image_grid&#8220; images=&#8220;15277,15271,15268,15265,15262,15259,15193,15190,15187,15184,15181,15178,15175,15172,15133,15136,15130,15127,15124,15091,14854,14427,14445,14540,14523,14436&#8243; img_size=&#8220;fivestar_mikado_image_square&#8220; el_class=&#8220;photo-galery&#8220;][\/vc_column][\/vc_row][vc_row css=&#8220;.vc_custom_1494582059840{padding-top: 108px !important;}&#8220;][vc_column][vc_gallery type=&#8220;image_grid&#8220; images=&#8220;14363,14145,14139,14009,14490,14481,14543,14540,14537,14532,14517,14750,14753,14762,14759,14708,14741,14807,14810,14813,14816,14819,14822,14825,14828,14831,14834,14837,15316,15313,15307,15301,14946,14803,15354,15346,15574,15571,15568,15565,15562,15559&#8243; img_size=&#8220;fivestar_mikado_image_square&#8220; el_class=&#8220;photo-galery&#8220;][\/vc_column][\/vc_row][vc_row css=&#8220;.vc_custom_1494582059840{padding-top: 108px !important;}&#8220;][vc_column][vc_gallery type=&#8220;image_grid&#8220; images=&#8220;14177,14175,14165,13961,14487,14484,14481,14475,14472,14469,14505,14478,14502&#8243; img_size=&#8220;fivestar_mikado_image_square&#8220; el_class=&#8220;photo-galery&#8220;][\/vc_column][\/vc_row][vc_row][vc_column][vc_empty_space height=&#8220;100px&#8220;][\/vc_column][\/vc_row]\" \/>\n<meta property=\"og:url\" content=\"https:\/\/mas-valentine.com\/galerie-photos\" \/>\n<meta property=\"og:site_name\" content=\"Mas Valentine\" \/>\n<meta property=\"article:modified_time\" content=\"2023-10-11T16:18:01+00:00\" \/>\n<meta property=\"og:image\" content=\"https:\/\/mas-valentine.com\/wp-content\/uploads\/2025\/09\/favicon_mas_valentine.png\" \/>\n\t<meta property=\"og:image:width\" content=\"27\" \/>\n\t<meta property=\"og:image:height\" content=\"27\" \/>\n\t<meta property=\"og:image:type\" content=\"image\/png\" \/>\n<meta name=\"twitter:card\" content=\"summary_large_image\" \/>\n<meta name=\"twitter:label1\" content=\"Gesch\u00e4tzte Lesezeit\" \/>\n\t<meta name=\"twitter:data1\" content=\"1\u00a0Minute\" \/>\n<script type=\"application\/ld+json\" class=\"yoast-schema-graph\">{\"@context\":\"https:\\\/\\\/schema.org\",\"@graph\":[{\"@type\":\"WebPage\",\"@id\":\"https:\\\/\\\/mas-valentine.com\\\/galerie-photos\",\"url\":\"https:\\\/\\\/mas-valentine.com\\\/galerie-photos\",\"name\":\"Fotogallerie - Mas Valentine\",\"isPartOf\":{\"@id\":\"https:\\\/\\\/mas-valentine.com\\\/#website\"},\"datePublished\":\"2017-05-04T08:28:13+00:00\",\"dateModified\":\"2023-10-11T16:18:01+00:00\",\"breadcrumb\":{\"@id\":\"https:\\\/\\\/mas-valentine.com\\\/galerie-photos#breadcrumb\"},\"inLanguage\":\"de\",\"potentialAction\":[{\"@type\":\"ReadAction\",\"target\":[\"https:\\\/\\\/mas-valentine.com\\\/galerie-photos\"]}]},{\"@type\":\"BreadcrumbList\",\"@id\":\"https:\\\/\\\/mas-valentine.com\\\/galerie-photos#breadcrumb\",\"itemListElement\":[{\"@type\":\"ListItem\",\"position\":1,\"name\":\"Home\",\"item\":\"https:\\\/\\\/mas-valentine.com\\\/de\"},{\"@type\":\"ListItem\",\"position\":2,\"name\":\"Fotogallerie\"}]},{\"@type\":\"WebSite\",\"@id\":\"https:\\\/\\\/mas-valentine.com\\\/#website\",\"url\":\"https:\\\/\\\/mas-valentine.com\\\/\",\"name\":\"Mas Valentine\",\"description\":\"H\u00f4tel 4 \u00e9toiles \u00e0 Saint-R\u00e9my de Provence\",\"potentialAction\":[{\"@type\":\"SearchAction\",\"target\":{\"@type\":\"EntryPoint\",\"urlTemplate\":\"https:\\\/\\\/mas-valentine.com\\\/?s={search_term_string}\"},\"query-input\":{\"@type\":\"PropertyValueSpecification\",\"valueRequired\":true,\"valueName\":\"search_term_string\"}}],\"inLanguage\":\"de\"}]}<\/script>\n<!-- \/ Yoast SEO plugin. -->","yoast_head_json":{"title":"Fotogallerie - Mas Valentine","robots":{"index":"index","follow":"follow","max-snippet":"max-snippet:-1","max-image-preview":"max-image-preview:large","max-video-preview":"max-video-preview:-1"},"canonical":"https:\/\/mas-valentine.com\/galerie-photos","og_locale":"de_DE","og_type":"article","og_title":"Fotogallerie - Mas Valentine","og_description":"[vc_row css=&#8220;.vc_custom_1494582059840{padding-top: 108px !important;}&#8220;][vc_column][vc_gallery type=&#8220;image_grid&#8220; images=&#8220;14127,14031,14786,14765,14021,14759,14762,14780,14708,14529,14520,14514,14569,14774,14783,14771,14768,14750,14753,15316,15301,15313,14747,14744,14741,14738,14735,14732,14729,14726,14717,14714,14711,15307,15310,15562,15565,15568,15571,15574,15577,15580,15559&#8243; img_size=&#8220;fivestar_mikado_image_square&#8220; el_class=&#8220;photo-galery&#8220;][\/vc_column][\/vc_row][vc_row css=&#8220;.vc_custom_1494582059840{padding-top: 108px !important;}&#8220;][vc_column][vc_gallery type=&#8220;image_grid&#8220; images=&#8220;15277,15271,15268,15265,15262,15259,15193,15190,15187,15184,15181,15178,15175,15172,15133,15136,15130,15127,15124,15091,14854,14427,14445,14540,14523,14436&#8243; img_size=&#8220;fivestar_mikado_image_square&#8220; el_class=&#8220;photo-galery&#8220;][\/vc_column][\/vc_row][vc_row css=&#8220;.vc_custom_1494582059840{padding-top: 108px !important;}&#8220;][vc_column][vc_gallery type=&#8220;image_grid&#8220; images=&#8220;14363,14145,14139,14009,14490,14481,14543,14540,14537,14532,14517,14750,14753,14762,14759,14708,14741,14807,14810,14813,14816,14819,14822,14825,14828,14831,14834,14837,15316,15313,15307,15301,14946,14803,15354,15346,15574,15571,15568,15565,15562,15559&#8243; img_size=&#8220;fivestar_mikado_image_square&#8220; el_class=&#8220;photo-galery&#8220;][\/vc_column][\/vc_row][vc_row css=&#8220;.vc_custom_1494582059840{padding-top: 108px !important;}&#8220;][vc_column][vc_gallery type=&#8220;image_grid&#8220; images=&#8220;14177,14175,14165,13961,14487,14484,14481,14475,14472,14469,14505,14478,14502&#8243; img_size=&#8220;fivestar_mikado_image_square&#8220; el_class=&#8220;photo-galery&#8220;][\/vc_column][\/vc_row][vc_row][vc_column][vc_empty_space height=&#8220;100px&#8220;][\/vc_column][\/vc_row]","og_url":"https:\/\/mas-valentine.com\/galerie-photos","og_site_name":"Mas Valentine","article_modified_time":"2023-10-11T16:18:01+00:00","og_image":[{"width":27,"height":27,"url":"https:\/\/mas-valentine.com\/wp-content\/uploads\/2025\/09\/favicon_mas_valentine.png","type":"image\/png"}],"twitter_card":"summary_large_image","twitter_misc":{"Gesch\u00e4tzte Lesezeit":"1\u00a0Minute"},"schema":{"@context":"https:\/\/schema.org","@graph":[{"@type":"WebPage","@id":"https:\/\/mas-valentine.com\/galerie-photos","url":"https:\/\/mas-valentine.com\/galerie-photos","name":"Fotogallerie - Mas Valentine","isPartOf":{"@id":"https:\/\/mas-valentine.com\/#website"},"datePublished":"2017-05-04T08:28:13+00:00","dateModified":"2023-10-11T16:18:01+00:00","breadcrumb":{"@id":"https:\/\/mas-valentine.com\/galerie-photos#breadcrumb"},"inLanguage":"de","potentialAction":[{"@type":"ReadAction","target":["https:\/\/mas-valentine.com\/galerie-photos"]}]},{"@type":"BreadcrumbList","@id":"https:\/\/mas-valentine.com\/galerie-photos#breadcrumb","itemListElement":[{"@type":"ListItem","position":1,"name":"Home","item":"https:\/\/mas-valentine.com\/de"},{"@type":"ListItem","position":2,"name":"Fotogallerie"}]},{"@type":"WebSite","@id":"https:\/\/mas-valentine.com\/#website","url":"https:\/\/mas-valentine.com\/","name":"Mas Valentine","description":"H\u00f4tel 4 \u00e9toiles \u00e0 Saint-R\u00e9my de Provence","potentialAction":[{"@type":"SearchAction","target":{"@type":"EntryPoint","urlTemplate":"https:\/\/mas-valentine.com\/?s={search_term_string}"},"query-input":{"@type":"PropertyValueSpecification","valueRequired":true,"valueName":"search_term_string"}}],"inLanguage":"de"}]}},"_links":{"self":[{"href":"https:\/\/mas-valentine.com\/de\/wp-json\/wp\/v2\/pages\/15675","targetHints":{"allow":["GET"]}}],"collection":[{"href":"https:\/\/mas-valentine.com\/de\/wp-json\/wp\/v2\/pages"}],"about":[{"href":"https:\/\/mas-valentine.com\/de\/wp-json\/wp\/v2\/types\/page"}],"author":[{"embeddable":true,"href":"https:\/\/mas-valentine.com\/de\/wp-json\/wp\/v2\/users\/1"}],"replies":[{"embeddable":true,"href":"https:\/\/mas-valentine.com\/de\/wp-json\/wp\/v2\/comments?post=15675"}],"version-history":[{"count":0,"href":"https:\/\/mas-valentine.com\/de\/wp-json\/wp\/v2\/pages\/15675\/revisions"}],"wp:attachment":[{"href":"https:\/\/mas-valentine.com\/de\/wp-json\/wp\/v2\/media?parent=15675"}],"curies":[{"name":"wp","href":"https:\/\/api.w.org\/{rel}","templated":true}]}}