{"id":15023,"date":"2023-10-11T16:55:20","date_gmt":"2023-10-11T16:55:20","guid":{"rendered":"https:\/\/mas-valentine.com\/?page_id=15023"},"modified":"2023-10-11T16:56:10","modified_gmt":"2023-10-11T16:56:10","slug":"region-umgebung","status":"publish","type":"page","link":"https:\/\/mas-valentine.com\/de\/region-umgebung","title":{"rendered":"Region &#038; Umgebung"},"content":{"rendered":"<p>[vc_row][vc_column css=&#8220;.vc_custom_1581527064423{margin-bottom: 90px !important;}&#8220;][vc_column_text css=&#8220;.vc_custom_1697042155457{margin-top: 90px !important;margin-bottom: 90px !important;}&#8220; el_class=&#8220;region-edito&#8220;]<\/p>\n<p id=\"tw-target-text\" class=\"tw-data-text tw-text-large tw-ta\" dir=\"ltr\" style=\"text-align: center;\" data-placeholder=\"Traducere\" data-ved=\"2ahUKEwjhjb_ysO6BAxVdQ6QEHRScDzwQ3ewLegQIBhAQ\"><span class=\"Y2IQFc\" lang=\"de\">Eine bezaubernde Naturst\u00e4tte im Nordwesten des Departements Bouches du Rh\u00f4ne in der Provence. <\/span><\/p>\n<p class=\"tw-data-text tw-text-large tw-ta\" dir=\"ltr\" style=\"text-align: center;\" data-placeholder=\"Traducere\" data-ved=\"2ahUKEwjhjb_ysO6BAxVdQ6QEHRScDzwQ3ewLegQIBhAQ\"><span class=\"Y2IQFc\" lang=\"de\">Diese Kalksteinh\u00fcgelkette, die Alpilles, erreicht eine H\u00f6he von 498 m und bietet ein Panorama, das sich vom Mont Ventoux bis zu den Cevennen, vom Berg Sainte Victoire bis zur Camargue erstreckt. <\/span><\/p>\n<p class=\"tw-data-text tw-text-large tw-ta\" dir=\"ltr\" style=\"text-align: center;\" data-placeholder=\"Traducere\" data-ved=\"2ahUKEwjhjb_ysO6BAxVdQ6QEHRScDzwQ3ewLegQIBhAQ\"><span class=\"Y2IQFc\" lang=\"de\">Absolut zu entdecken: die Zitadelle von Baux de Provence und die Carri\u00e8re de Lumi\u00e8res, die St\u00e4tten von Glanum und Antiquit\u00e4ten in Saint-R\u00e9my de Provence, Fontvieille, ber\u00fchmt f\u00fcr seine Daudet-M\u00fchle &#8230; und viele andere D\u00f6rfer mit authentischem Charme.<\/span><\/p>\n<p>[\/vc_column_text][\/vc_column][\/vc_row][vc_row equal_height=&#8220;yes&#8220; css=&#8220;.vc_custom_1493379978370{background-color: #fbf9f9 !important;}&#8220;][vc_column css=&#8220;.vc_custom_1578678301562{padding-top: 28% !important;padding-bottom: 28% !important;background-image: url(https:\/\/mas-valentine.com\/wp-content\/uploads\/2020\/01\/saint-remy-de-provence-4706828-scaled.jpg?id=14482) !important;background-position: center !important;background-repeat: no-repeat !important;background-size: cover !important;}&#8220; offset=&#8220;vc_col-lg-offset-0 vc_col-lg-6 vc_col-md-12 vc_col-sm-offset-0&#8243;][\/vc_column][vc_column offset=&#8220;vc_col-lg-offset-0 vc_col-lg-6 vc_col-md-12 vc_col-sm-offset-0&#8243;]<div class=\"mkdf-elements-holder   mkdf-one-column  mkdf-responsive-mode-768 \" ><div class=\"mkdf-eh-item    \"  data-item-class=\"mkdf-eh-custom-5313\" data-1024-1280=\"13% 13% 20% 13%\" data-768-1024=\"5% 15% 0% 12%\" data-680-768=\"5% 16% 0% 9%\" data-680=\"5% 5% 0% 6%\">\r\n\t<div class=\"mkdf-eh-item-inner\">\r\n\t\t<div class=\"mkdf-eh-item-content mkdf-eh-custom-5313\" style=\"padding: 15% 17% 19% 18%\">\r\n\t\t\t<div class=\"mkdf-section-title-holder  mkdf-st-elegant  mkdf-st-title-left mkdf-st-normal-space \" >\r\n\t<div class=\"mkdf-st-inner\">\r\n\t\t\t\t\t\t\t<h2 class=\"mkdf-st-title\" >\r\n\t\t\t\tSaint-R\u00e9my de Provence\t\t\t\t\t\t\t<\/h2>\r\n\t\t\t\t\t\t\t<\/div>\r\n<\/div>[vc_column_text]Saint-R\u00e9my-de-Provence ist die kleine Hauptstadt der Alpilles und liegt in der Region Provence-Alpes-C\u00f4te d&#8217;Azur und im D\u00e9partement Bouches-du-Rh\u00f4ne. Mit dem Dekret vom 30. Januar 2007 wurde sein Gebiet zum regionalen Naturpark Alpilles erkl\u00e4rt.<\/p>\n<p>Kleine Hauptstadt der Alpilles und Lebenskunst in der Provence, eine Stadt voller Charme und Geschichte. Wenn Sie Saint-R\u00e9my und seine Umgebung besuchen, betreten Sie das Herz der Provence:<\/p>\n<p>&#8211; Die r\u00f6mische Stadt Glanum und die Denkm\u00e4ler der Antike.<br \/>\n&#8211; Das St. Paul-Kreuzgang, in dem Van Gogh wohnte und fast 150 der ber\u00fchmtesten Gem\u00e4lde malte.<br \/>\n&#8211; Das Stadtzentrum, in dem Nostradamus geboren wurde, mit seinen kleinen Stra\u00dfen, Pl\u00e4tzen und Brunnen, umgeben von schattigen Boulevards. Die zahlreichen Caf\u00e9- und Restaurantterrassen, die sch\u00f6nen Boutiquen und Kunstgalerien. Herrenh\u00e4user aus der Renaissance oder aus dem 18. Jahrhundert.<br \/>\n&#8211; Das Estrine-Museum (Zentrum f\u00fcr zeitgen\u00f6ssische Kunst und Van-Gogh-Interpretation), das Alpilles-Museum (regionale Ethnologie).[\/vc_column_text]\t\t<\/div>\r\n\t<\/div>\r\n<\/div><\/div>[\/vc_column][\/vc_row][vc_row][vc_column css=&#8220;.vc_custom_1581526970477{margin-top: 40px !important;margin-left: 15px !important;}&#8220; offset=&#8220;vc_col-lg-offset-3 vc_col-xs-12&#8243;]<div class=\"mkdf-section-title-holder  mkdf-st-standard mkdf-st-ha-left mkdf-st-title-left mkdf-st-normal-space \" style=\"text-align: left\">\r\n\t<div class=\"mkdf-st-inner\">\r\n\t\t\t\t\t\t\t<h5 class=\"mkdf-st-title\" >\r\n\t\t\t\tDer Saint-R\u00e9my-Markt\t\t\t\t\t\t\t<\/h5>\r\n\t\t\t\t\t\t\t<\/div>\r\n<\/div>[vc_column_text css=&#8220;.vc_custom_1697042371819{margin-right: 25px !important;}&#8220;]<\/p>\n<p id=\"tw-target-text\" class=\"tw-data-text tw-text-large tw-ta\" dir=\"ltr\" data-placeholder=\"Traducere\" data-ved=\"2ahUKEwjhjb_ysO6BAxVdQ6QEHRScDzwQ3ewLegQIBhAQ\"><span class=\"Y2IQFc\" lang=\"de\">Mittwochmorgen in den alten Stra\u00dfen von Saint R\u00e9my, gro\u00dfer lebhafter und farbenfroher Markt: Kr\u00e4uter, Gew\u00fcrze, Oliven, \u00d6le, Obst, Gem\u00fcse, Honig, Blumen, Stoffe, Antiquit\u00e4ten&#8230;<\/span><\/p>\n<p>[\/vc_column_text][vc_empty_space height=&#8220;50px&#8220;]<div class=\"mkdf-section-title-holder  mkdf-st-standard mkdf-st-ha-left mkdf-st-title-left mkdf-st-normal-space \" style=\"text-align: left\">\r\n\t<div class=\"mkdf-st-inner\">\r\n\t\t\t\t\t\t\t<h5 class=\"mkdf-st-title\" >\r\n\t\t\t\tAndere Markttage\t\t\t\t\t\t\t<\/h5>\r\n\t\t\t\t\t\t\t<\/div>\r\n<\/div>[vc_column_text css=&#8220;.vc_custom_1697042498185{margin-right: 25px !important;}&#8220;]<\/p>\n<p id=\"tw-target-text\" class=\"tw-data-text tw-text-large tw-ta\" dir=\"ltr\" data-placeholder=\"Traducere\" data-ved=\"2ahUKEwjhjb_ysO6BAxVdQ6QEHRScDzwQ3ewLegQIBhAQ\"><span class=\"Y2IQFc\" lang=\"de\">&#8211; Samstag: Arles. <\/span><\/p>\n<p class=\"tw-data-text tw-text-large tw-ta\" dir=\"ltr\" data-placeholder=\"Traducere\" data-ved=\"2ahUKEwjhjb_ysO6BAxVdQ6QEHRScDzwQ3ewLegQIBhAQ\"><span class=\"Y2IQFc\" lang=\"de\">&#8211; Sonntag: Ch\u00e2teaurenard. <\/span><\/p>\n<p class=\"tw-data-text tw-text-large tw-ta\" dir=\"ltr\" data-placeholder=\"Traducere\" data-ved=\"2ahUKEwjhjb_ysO6BAxVdQ6QEHRScDzwQ3ewLegQIBhAQ\"><span class=\"Y2IQFc\" lang=\"de\">&#8211; Montag: Fontvieille, Boulbon. <\/span><\/p>\n<p class=\"tw-data-text tw-text-large tw-ta\" dir=\"ltr\" data-placeholder=\"Traducere\" data-ved=\"2ahUKEwjhjb_ysO6BAxVdQ6QEHRScDzwQ3ewLegQIBhAQ\"><span class=\"Y2IQFc\" lang=\"de\">&#8211; Dienstag: Tarascon, Rognonas. <\/span><\/p>\n<p class=\"tw-data-text tw-text-large tw-ta\" dir=\"ltr\" data-placeholder=\"Traducere\" data-ved=\"2ahUKEwjhjb_ysO6BAxVdQ6QEHRScDzwQ3ewLegQIBhAQ\"><span class=\"Y2IQFc\" lang=\"de\">&#8211; Mittwoch: Arles, Mouri\u00e8s, Port-Saint-Louis du Rh\u00f4ne.<\/span><\/p>\n<p class=\"tw-data-text tw-text-large tw-ta\" dir=\"ltr\" data-placeholder=\"Traducere\" data-ved=\"2ahUKEwjhjb_ysO6BAxVdQ6QEHRScDzwQ3ewLegQIBhAQ\"><span class=\"Y2IQFc\" lang=\"de\">&#8211; Donnerstag: Maussane-les-Alpilles, Noves, Maillane. <\/span><\/p>\n<p class=\"tw-data-text tw-text-large tw-ta\" dir=\"ltr\" data-placeholder=\"Traducere\" data-ved=\"2ahUKEwjhjb_ysO6BAxVdQ6QEHRScDzwQ3ewLegQIBhAQ\"><span class=\"Y2IQFc\" lang=\"de\">&#8211; Freitag: Eyragues, Saint-Martin-de-Crau und Graveson.<\/span><\/p>\n<p>[\/vc_column_text][vc_empty_space height=&#8220;50px&#8220;]<div class=\"mkdf-section-title-holder  mkdf-st-standard mkdf-st-ha-left mkdf-st-title-left mkdf-st-normal-space \" style=\"text-align: left\">\r\n\t<div class=\"mkdf-st-inner\">\r\n\t\t\t\t\t\t\t<h5 class=\"mkdf-st-title\" >\r\n\t\t\t\tGut essen\t\t\t\t\t\t\t<\/h5>\r\n\t\t\t\t\t\t\t<\/div>\r\n<\/div>[vc_column_text css=&#8220;.vc_custom_1697042627355{margin-right: 25px !important;}&#8220;]<\/p>\n<p id=\"tw-target-text\" class=\"tw-data-text tw-text-large tw-ta\" dir=\"ltr\" data-placeholder=\"Traducere\" data-ved=\"2ahUKEwjhjb_ysO6BAxVdQ6QEHRScDzwQ3ewLegQIBhAQ\"><span class=\"Y2IQFc\" lang=\"de\">F\u00fcr Ihre Mittag- und Abendessen im Freien helfen wir Ihnen bei der Auswahl eines Tisches in der N\u00e4he des Hotels nach Ihren Kriterien (gastronomisch, provenzalisch, Bistro usw.) und k\u00f6nnen Ihre Reservierung vornehmen.<\/span><\/p>\n<p>[\/vc_column_text][vc_empty_space height=&#8220;50px&#8220;]<div class=\"mkdf-section-title-holder  mkdf-st-standard mkdf-st-ha-left mkdf-st-title-left mkdf-st-normal-space \" style=\"text-align: left\">\r\n\t<div class=\"mkdf-st-inner\">\r\n\t\t\t\t\t\t\t<h5 class=\"mkdf-st-title\" >\r\n\t\t\t\tUn\u00fcbertroffene Orte\t\t\t\t\t\t\t<\/h5>\r\n\t\t\t\t\t\t\t<\/div>\r\n<\/div>[vc_column_text css=&#8220;.vc_custom_1697042780606{margin-right: 25px !important;}&#8220;]<\/p>\n<p id=\"tw-target-text\" class=\"tw-data-text tw-text-large tw-ta\" dir=\"ltr\" data-placeholder=\"Traducere\" data-ved=\"2ahUKEwjhjb_ysO6BAxVdQ6QEHRScDzwQ3ewLegQIBhAQ\"><span class=\"Y2IQFc\" lang=\"de\">Nehmen Sie die Nebenstra\u00dfen in den Alpilles. Machen Sie eine Tour zum Berg Sainte-Victoire. Schlendern Sie durch die Stra\u00dfen des alten Arles. G\u00f6nnen Sie sich einen Ausritt zu Pferd in der Camargue. Wandern Sie mit dem Fahrrad auf den Stra\u00dfen des Luberon. Machen Sie sich auf den Weg, um die gro\u00dfartigen Weine des Vaucluse zu entdecken \u2026<\/span><\/p>\n<p>[\/vc_column_text][\/vc_column][\/vc_row][vc_row equal_height=&#8220;yes&#8220; css=&#8220;.vc_custom_1574418717966{margin-top: 100px !important;background-color: #fbf9f9 !important;}&#8220;][vc_column css=&#8220;.vc_custom_1493798353425{background-position: center !important;background-repeat: no-repeat !important;background-size: cover !important;}&#8220; offset=&#8220;vc_col-lg-offset-0 vc_col-lg-6 vc_col-md-12 vc_col-sm-offset-0&#8243;]<div class=\"mkdf-elements-holder   mkdf-one-column  mkdf-responsive-mode-768 \" ><div class=\"mkdf-eh-item    \"  data-item-class=\"mkdf-eh-custom-4678\" data-1024-1280=\"13% 13% 20% 13%\" data-768-1024=\"4% 15% 8% 12%\" data-680-768=\"3% 16% 9% 9%\" data-680=\"0% 5% 17% 6%\">\r\n\t<div class=\"mkdf-eh-item-inner\">\r\n\t\t<div class=\"mkdf-eh-item-content mkdf-eh-custom-4678\" style=\"padding: 16.1% 17% 20.1% 18%\">\r\n\t\t\t<div class=\"mkdf-section-title-holder  mkdf-st-elegant  mkdf-st-title-left mkdf-st-normal-space \" >\r\n\t<div class=\"mkdf-st-inner\">\r\n\t\t\t\t\t\t\t<h2 class=\"mkdf-st-title\" >\r\n\t\t\t\t In der Umgebung\t\t\t\t\t\t\t<\/h2>\r\n\t\t\t\t\t\t\t\t\t<span class=\"mkdf-st-text\" style=\"line-height:30px;margin-top:15px\">\r\n\t\t\t\tA moins d'une heure de Saint-R\u00e9my-de-Provence, partez \u00e0 la d\u00e9couverte de sites remarquables, d'une nature envoutante et d'un patrimoine culturel enchanteur ... voici quelques suggestions de ballades et de visites :\t\t\t<\/span>\r\n\t\t\t<\/div>\r\n<\/div>\t\t<\/div>\r\n\t<\/div>\r\n<\/div><\/div>[\/vc_column][vc_column offset=&#8220;vc_col-lg-offset-0 vc_col-lg-6 vc_col-md-12 vc_col-sm-offset-0&#8243; css=&#8220;.vc_custom_1576506013701{padding-top: 28% !important;padding-bottom: 28% !important;background-image: url(https:\/\/mas-valentine.com\/wp-content\/uploads\/2019\/11\/hotel-luxe-proche-camargue.jpg?id=13660) !important;background-position: center !important;background-repeat: no-repeat !important;background-size: cover !important;}&#8220;][\/vc_column][\/vc_row][vc_row][vc_column css=&#8220;.vc_custom_1581527225261{margin-top: 60px !important;margin-left: 15px !important;}&#8220; offset=&#8220;vc_col-lg-offset-3&#8243;]<div class=\"mkdf-section-title-holder  mkdf-st-standard mkdf-st-ha-left mkdf-st-title-left mkdf-st-normal-space \" style=\"text-align: left\">\r\n\t<div class=\"mkdf-st-inner\">\r\n\t\t\t\t\t\t\t<h5 class=\"mkdf-st-title\" >\r\n\t\t\t\tAbtei von S\u00e9nanque\t\t\t\t\t\t\t<\/h5>\r\n\t\t\t\t\t\t\t<\/div>\r\n<\/div>[vc_column_text css=&#8220;.vc_custom_1697043194149{margin-right: 25px !important;}&#8220;]<\/p>\n<p id=\"tw-target-text\" class=\"tw-data-text tw-text-large tw-ta\" dir=\"ltr\" data-placeholder=\"Traducere\" data-ved=\"2ahUKEwjhjb_ysO6BAxVdQ6QEHRScDzwQ3ewLegQIBhAQ\"><span class=\"Y2IQFc\" lang=\"de\">Eines der sch\u00f6nsten Geb\u00e4ude des Zisterzienserordens, ein magischer und zeitloser Ort<\/span><\/p>\n<p>[\/vc_column_text][vc_empty_space height=&#8220;50px&#8220;]<div class=\"mkdf-section-title-holder  mkdf-st-standard mkdf-st-ha-left mkdf-st-title-left mkdf-st-normal-space \" style=\"text-align: left\">\r\n\t<div class=\"mkdf-st-inner\">\r\n\t\t\t\t\t\t\t<h5 class=\"mkdf-st-title\" >\r\n\t\t\t\tAix-en-Provence\t\t\t\t\t\t\t<\/h5>\r\n\t\t\t\t\t\t\t<\/div>\r\n<\/div>[vc_column_text css=&#8220;.vc_custom_1697043186390{margin-right: 25px !important;}&#8220;]<\/p>\n<p id=\"tw-target-text\" class=\"tw-data-text tw-text-large tw-ta\" dir=\"ltr\" data-placeholder=\"Traducere\" data-ved=\"2ahUKEwjhjb_ysO6BAxVdQ6QEHRScDzwQ3ewLegQIBhAQ\"><span class=\"Y2IQFc\" lang=\"de\">Eine Eleganz, gen\u00e4hrt von italienischen Barockeinfl\u00fcssen und der Reise zu Paul C\u00e9zanne<\/span><\/p>\n<p>[\/vc_column_text][vc_empty_space height=&#8220;50px&#8220;]<div class=\"mkdf-section-title-holder  mkdf-st-standard mkdf-st-ha-left mkdf-st-title-left mkdf-st-normal-space \" style=\"text-align: left\">\r\n\t<div class=\"mkdf-st-inner\">\r\n\t\t\t\t\t\t\t<h5 class=\"mkdf-st-title\" >\r\n\t\t\t\tArles\t\t\t\t\t\t\t<\/h5>\r\n\t\t\t\t\t\t\t<\/div>\r\n<\/div>[vc_column_text css=&#8220;.vc_custom_1697043174247{margin-right: 25px !important;}&#8220;]<\/p>\n<p id=\"tw-target-text\" class=\"tw-data-text tw-text-large tw-ta\" dir=\"ltr\" data-placeholder=\"Traducere\" data-ved=\"2ahUKEwjhjb_ysO6BAxVdQ6QEHRScDzwQ3ewLegQIBhAQ\"><span class=\"Y2IQFc\" lang=\"de\">Auf den Spuren der Geschichte und des Stierkampfes, mit Gassen, Pl\u00e4tzen und edlen, bunten Fassaden<\/span><\/p>\n<p>[\/vc_column_text][vc_empty_space height=&#8220;50px&#8220;]<div class=\"mkdf-section-title-holder  mkdf-st-standard mkdf-st-ha-left mkdf-st-title-left mkdf-st-normal-space \" style=\"text-align: left\">\r\n\t<div class=\"mkdf-st-inner\">\r\n\t\t\t\t\t\t\t<h5 class=\"mkdf-st-title\" >\r\n\t\t\t\tAvignon\t\t\t\t\t\t\t<\/h5>\r\n\t\t\t\t\t\t\t<\/div>\r\n<\/div>[vc_column_text css=&#8220;.vc_custom_1697043165832{margin-right: 25px !important;}&#8220;]<\/p>\n<p id=\"tw-target-text\" class=\"tw-data-text tw-text-large tw-ta\" dir=\"ltr\" data-placeholder=\"Traducere\" data-ved=\"2ahUKEwjhjb_ysO6BAxVdQ6QEHRScDzwQ3ewLegQIBhAQ\"><span class=\"Y2IQFc\" lang=\"de\">Antike Stadt der P\u00e4pste, riesige Open-Air-Theaterb\u00fchne wie ihr ber\u00fchmtes Festival<\/span><\/p>\n<p>[\/vc_column_text][vc_empty_space height=&#8220;50px&#8220;]<div class=\"mkdf-section-title-holder  mkdf-st-standard mkdf-st-ha-left mkdf-st-title-left mkdf-st-normal-space \" style=\"text-align: left\">\r\n\t<div class=\"mkdf-st-inner\">\r\n\t\t\t\t\t\t\t<h5 class=\"mkdf-st-title\" >\r\n\t\t\t\tGordes\t\t\t\t\t\t\t<\/h5>\r\n\t\t\t\t\t\t\t<\/div>\r\n<\/div>[vc_column_text css=&#8220;.vc_custom_1697043157861{margin-right: 25px !important;}&#8220;]<\/p>\n<p id=\"tw-target-text\" class=\"tw-data-text tw-text-large tw-ta\" dir=\"ltr\" data-placeholder=\"Traducere\" data-ved=\"2ahUKEwjhjb_ysO6BAxVdQ6QEHRScDzwQ3ewLegQIBhAQ\"><span class=\"Y2IQFc\" lang=\"de\">Wundersch\u00f6nes Dorf auf einem steilen Vorgebirge mit gepflasterten Stra\u00dfen<\/span><\/p>\n<p>[\/vc_column_text][vc_empty_space height=&#8220;50px&#8220;]<div class=\"mkdf-section-title-holder  mkdf-st-standard mkdf-st-ha-left mkdf-st-title-left mkdf-st-normal-space \" style=\"text-align: left\">\r\n\t<div class=\"mkdf-st-inner\">\r\n\t\t\t\t\t\t\t<h5 class=\"mkdf-st-title\" >\r\n\t\t\t\tBaux-de-Provence\t\t\t\t\t\t\t<\/h5>\r\n\t\t\t\t\t\t\t<\/div>\r\n<\/div>[vc_column_text css=&#8220;.vc_custom_1697043149992{margin-right: 25px !important;}&#8220;]<\/p>\n<p id=\"tw-target-text\" class=\"tw-data-text tw-text-large tw-ta\" dir=\"ltr\" data-placeholder=\"Traducere\" data-ved=\"2ahUKEwjhjb_ysO6BAxVdQ6QEHRScDzwQ3ewLegQIBhAQ\"><span class=\"Y2IQFc\" lang=\"de\">Eines der \u201esch\u00f6nsten D\u00f6rfer Frankreichs\u201c und das Panorama von seinem Adlerhorstschloss<\/span><\/p>\n<p>[\/vc_column_text][vc_empty_space height=&#8220;50px&#8220;]<div class=\"mkdf-section-title-holder  mkdf-st-standard mkdf-st-ha-left mkdf-st-title-left mkdf-st-normal-space \" style=\"text-align: left\">\r\n\t<div class=\"mkdf-st-inner\">\r\n\t\t\t\t\t\t\t<h5 class=\"mkdf-st-title\" >\r\n\t\t\t\tMont Ventoux\t\t\t\t\t\t\t<\/h5>\r\n\t\t\t\t\t\t\t<\/div>\r\n<\/div>[vc_column_text css=&#8220;.vc_custom_1697043250404{margin-right: 25px !important;}&#8220;]<\/p>\n<p id=\"tw-target-text\" class=\"tw-data-text tw-text-large tw-ta\" dir=\"ltr\" data-placeholder=\"Traducere\" data-ved=\"2ahUKEwjhjb_ysO6BAxVdQ6QEHRScDzwQ3ewLegQIBhAQ\"><span class=\"Y2IQFc\" lang=\"de\">Eine Stra\u00dfe, die sich zwischen Zedern und Eichen schl\u00e4ngelt und einen au\u00dfergew\u00f6hnlichen Blick auf die Alpen bietet<\/span><\/p>\n<p>[\/vc_column_text][vc_empty_space height=&#8220;50px&#8220;]<div class=\"mkdf-section-title-holder  mkdf-st-standard mkdf-st-ha-left mkdf-st-title-left mkdf-st-normal-space \" style=\"text-align: left\">\r\n\t<div class=\"mkdf-st-inner\">\r\n\t\t\t\t\t\t\t<h5 class=\"mkdf-st-title\" >\r\n\t\t\t\tRegionaler Naturpark Camargue\t\t\t\t\t\t\t<\/h5>\r\n\t\t\t\t\t\t\t<\/div>\r\n<\/div>[vc_column_text css=&#8220;.vc_custom_1697043297659{margin-right: 25px !important;}&#8220;]<\/p>\n<p id=\"tw-target-text\" class=\"tw-data-text tw-text-large tw-ta\" dir=\"ltr\" data-placeholder=\"Traducere\" data-ved=\"2ahUKEwjhjb_ysO6BAxVdQ6QEHRScDzwQ3ewLegQIBhAQ\"><span class=\"Y2IQFc\" lang=\"de\">Zwischen W\u00e4ldern und Teichen ein Land der Hirten, wei\u00dfen Pferde und schwarzen Bullen<\/span><\/p>\n<p>[\/vc_column_text][vc_empty_space height=&#8220;50px&#8220;][\/vc_column][\/vc_row]<\/p>\n","protected":false},"excerpt":{"rendered":"<p>[vc_row][vc_column css=&#8220;.vc_custom_1581527064423{margin-bottom: 90px !important;}&#8220;][vc_column_text css=&#8220;.vc_custom_1697042155457{margin-top: 90px !important;margin-bottom: 90px !important;}&#8220; el_class=&#8220;region-edito&#8220;] Eine bezaubernde Naturst\u00e4tte im Nordwesten des Departements Bouches du Rh\u00f4ne in der Provence. Diese Kalksteinh\u00fcgelkette, die Alpilles, erreicht eine H\u00f6he von 498 m und bietet ein Panorama, das sich vom [&hellip;]<\/p>\n","protected":false},"author":2,"featured_media":0,"parent":0,"menu_order":0,"comment_status":"closed","ping_status":"closed","template":"full-width.php","meta":{"_acf_changed":false,"footnotes":""},"class_list":["post-15023","page","type-page","status-publish","hentry"],"acf":[],"yoast_head":"<!-- This site is optimized with the Yoast SEO plugin v27.3 - https:\/\/yoast.com\/product\/yoast-seo-wordpress\/ -->\n<title>Region &amp; Umgebung - Mas Valentine<\/title>\n<meta name=\"robots\" content=\"index, follow, max-snippet:-1, max-image-preview:large, max-video-preview:-1\" \/>\n<link rel=\"canonical\" href=\"https:\/\/mas-valentine.com\/region-alentours\" \/>\n<meta property=\"og:locale\" content=\"de_DE\" \/>\n<meta property=\"og:type\" content=\"article\" \/>\n<meta property=\"og:title\" content=\"Region &amp; Umgebung - Mas Valentine\" \/>\n<meta property=\"og:description\" content=\"[vc_row][vc_column css=&#8220;.vc_custom_1581527064423{margin-bottom: 90px !important;}&#8220;][vc_column_text css=&#8220;.vc_custom_1697042155457{margin-top: 90px !important;margin-bottom: 90px !important;}&#8220; el_class=&#8220;region-edito&#8220;] Eine bezaubernde Naturst\u00e4tte im Nordwesten des Departements Bouches du Rh\u00f4ne in der Provence. Diese Kalksteinh\u00fcgelkette, die Alpilles, erreicht eine H\u00f6he von 498 m und bietet ein Panorama, das sich vom [&hellip;]\" \/>\n<meta property=\"og:url\" content=\"https:\/\/mas-valentine.com\/region-alentours\" \/>\n<meta property=\"og:site_name\" content=\"Mas Valentine\" \/>\n<meta property=\"article:modified_time\" content=\"2023-10-11T16:56:10+00:00\" \/>\n<meta property=\"og:image\" content=\"https:\/\/mas-valentine.com\/wp-content\/uploads\/2025\/09\/favicon_mas_valentine.png\" \/>\n\t<meta property=\"og:image:width\" content=\"27\" \/>\n\t<meta property=\"og:image:height\" content=\"27\" \/>\n\t<meta property=\"og:image:type\" content=\"image\/png\" \/>\n<meta name=\"twitter:card\" content=\"summary_large_image\" \/>\n<meta name=\"twitter:label1\" content=\"Gesch\u00e4tzte Lesezeit\" \/>\n\t<meta name=\"twitter:data1\" content=\"7\u00a0Minuten\" \/>\n<script type=\"application\/ld+json\" class=\"yoast-schema-graph\">{\"@context\":\"https:\\\/\\\/schema.org\",\"@graph\":[{\"@type\":\"WebPage\",\"@id\":\"https:\\\/\\\/mas-valentine.com\\\/region-alentours\",\"url\":\"https:\\\/\\\/mas-valentine.com\\\/region-alentours\",\"name\":\"Region & Umgebung - Mas Valentine\",\"isPartOf\":{\"@id\":\"https:\\\/\\\/mas-valentine.com\\\/#website\"},\"datePublished\":\"2023-10-11T16:55:20+00:00\",\"dateModified\":\"2023-10-11T16:56:10+00:00\",\"breadcrumb\":{\"@id\":\"https:\\\/\\\/mas-valentine.com\\\/region-alentours#breadcrumb\"},\"inLanguage\":\"de\",\"potentialAction\":[{\"@type\":\"ReadAction\",\"target\":[\"https:\\\/\\\/mas-valentine.com\\\/region-alentours\"]}]},{\"@type\":\"BreadcrumbList\",\"@id\":\"https:\\\/\\\/mas-valentine.com\\\/region-alentours#breadcrumb\",\"itemListElement\":[{\"@type\":\"ListItem\",\"position\":1,\"name\":\"Home\",\"item\":\"https:\\\/\\\/mas-valentine.com\\\/de\"},{\"@type\":\"ListItem\",\"position\":2,\"name\":\"Region &#038; Umgebung\"}]},{\"@type\":\"WebSite\",\"@id\":\"https:\\\/\\\/mas-valentine.com\\\/#website\",\"url\":\"https:\\\/\\\/mas-valentine.com\\\/\",\"name\":\"Mas Valentine\",\"description\":\"H\u00f4tel 4 \u00e9toiles \u00e0 Saint-R\u00e9my de Provence\",\"potentialAction\":[{\"@type\":\"SearchAction\",\"target\":{\"@type\":\"EntryPoint\",\"urlTemplate\":\"https:\\\/\\\/mas-valentine.com\\\/?s={search_term_string}\"},\"query-input\":{\"@type\":\"PropertyValueSpecification\",\"valueRequired\":true,\"valueName\":\"search_term_string\"}}],\"inLanguage\":\"de\"}]}<\/script>\n<!-- \/ Yoast SEO plugin. -->","yoast_head_json":{"title":"Region & Umgebung - Mas Valentine","robots":{"index":"index","follow":"follow","max-snippet":"max-snippet:-1","max-image-preview":"max-image-preview:large","max-video-preview":"max-video-preview:-1"},"canonical":"https:\/\/mas-valentine.com\/region-alentours","og_locale":"de_DE","og_type":"article","og_title":"Region & Umgebung - Mas Valentine","og_description":"[vc_row][vc_column css=&#8220;.vc_custom_1581527064423{margin-bottom: 90px !important;}&#8220;][vc_column_text css=&#8220;.vc_custom_1697042155457{margin-top: 90px !important;margin-bottom: 90px !important;}&#8220; el_class=&#8220;region-edito&#8220;] Eine bezaubernde Naturst\u00e4tte im Nordwesten des Departements Bouches du Rh\u00f4ne in der Provence. Diese Kalksteinh\u00fcgelkette, die Alpilles, erreicht eine H\u00f6he von 498 m und bietet ein Panorama, das sich vom [&hellip;]","og_url":"https:\/\/mas-valentine.com\/region-alentours","og_site_name":"Mas Valentine","article_modified_time":"2023-10-11T16:56:10+00:00","og_image":[{"width":27,"height":27,"url":"https:\/\/mas-valentine.com\/wp-content\/uploads\/2025\/09\/favicon_mas_valentine.png","type":"image\/png"}],"twitter_card":"summary_large_image","twitter_misc":{"Gesch\u00e4tzte Lesezeit":"7\u00a0Minuten"},"schema":{"@context":"https:\/\/schema.org","@graph":[{"@type":"WebPage","@id":"https:\/\/mas-valentine.com\/region-alentours","url":"https:\/\/mas-valentine.com\/region-alentours","name":"Region & Umgebung - Mas Valentine","isPartOf":{"@id":"https:\/\/mas-valentine.com\/#website"},"datePublished":"2023-10-11T16:55:20+00:00","dateModified":"2023-10-11T16:56:10+00:00","breadcrumb":{"@id":"https:\/\/mas-valentine.com\/region-alentours#breadcrumb"},"inLanguage":"de","potentialAction":[{"@type":"ReadAction","target":["https:\/\/mas-valentine.com\/region-alentours"]}]},{"@type":"BreadcrumbList","@id":"https:\/\/mas-valentine.com\/region-alentours#breadcrumb","itemListElement":[{"@type":"ListItem","position":1,"name":"Home","item":"https:\/\/mas-valentine.com\/de"},{"@type":"ListItem","position":2,"name":"Region &#038; Umgebung"}]},{"@type":"WebSite","@id":"https:\/\/mas-valentine.com\/#website","url":"https:\/\/mas-valentine.com\/","name":"Mas Valentine","description":"H\u00f4tel 4 \u00e9toiles \u00e0 Saint-R\u00e9my de Provence","potentialAction":[{"@type":"SearchAction","target":{"@type":"EntryPoint","urlTemplate":"https:\/\/mas-valentine.com\/?s={search_term_string}"},"query-input":{"@type":"PropertyValueSpecification","valueRequired":true,"valueName":"search_term_string"}}],"inLanguage":"de"}]}},"_links":{"self":[{"href":"https:\/\/mas-valentine.com\/de\/wp-json\/wp\/v2\/pages\/15023","targetHints":{"allow":["GET"]}}],"collection":[{"href":"https:\/\/mas-valentine.com\/de\/wp-json\/wp\/v2\/pages"}],"about":[{"href":"https:\/\/mas-valentine.com\/de\/wp-json\/wp\/v2\/types\/page"}],"author":[{"embeddable":true,"href":"https:\/\/mas-valentine.com\/de\/wp-json\/wp\/v2\/users\/2"}],"replies":[{"embeddable":true,"href":"https:\/\/mas-valentine.com\/de\/wp-json\/wp\/v2\/comments?post=15023"}],"version-history":[{"count":0,"href":"https:\/\/mas-valentine.com\/de\/wp-json\/wp\/v2\/pages\/15023\/revisions"}],"wp:attachment":[{"href":"https:\/\/mas-valentine.com\/de\/wp-json\/wp\/v2\/media?parent=15023"}],"curies":[{"name":"wp","href":"https:\/\/api.w.org\/{rel}","templated":true}]}}